{"id":1104,"date":"2024-04-21T18:01:06","date_gmt":"2024-04-21T15:01:06","guid":{"rendered":"http:\/\/felipsotomotiv.com\/?page_id=1104"},"modified":"2024-04-21T19:36:44","modified_gmt":"2024-04-21T16:36:44","slug":"scania-ic-mekan-aksesuarlari","status":"publish","type":"page","link":"https:\/\/felipsotomotiv.com\/index.php\/scania-ic-mekan-aksesuarlari\/","title":{"rendered":"Scania \u0130\u00e7 Mekan Aksesuarlar\u0131"},"content":{"rendered":"\n<div class=\"wp-block-query is-layout-flow wp-block-query-is-layout-flow\"><ul class=\"columns-4 wp-block-post-template is-layout-grid wp-container-core-post-template-is-layout-e7fd85f5 wp-block-post-template-is-layout-grid\"><li class=\"wp-block-post post-1125 product type-product status-publish has-post-thumbnail hentry product_cat-scania-ic-mekan-aksesuarlari\">\n<div data-block-name=\"woocommerce\/product-image\" data-is-descendent-of-query-loop=\"true\" class=\"wc-block-components-product-image wc-block-grid__product-image\" style=\" \">\n\t\t\t\t\t<a href=\"https:\/\/felipsotomotiv.com\/index.php\/urun\/dolap-kapak-mandali-2-parca-fnsc101\/\" style=\"\"> <img decoding=\"async\" data-testid=\"product-image\" alt=\"FNSC101 DOLAP KAPAK MANDALI 2 PAR\u00c7A (PRESL\u0130) NG SC S\/R\" src=\"https:\/\/felipsotomotiv.com\/wp-content\/uploads\/2024\/04\/FNSC101-1-300x300.jpg\"><\/a>\n\t\t\t\t<\/div>\n\n<h3 style=\"margin-bottom:0.75rem;margin-top:0;\" class=\"has-text-align-center wp-block-post-title has-medium-font-size\"><a href=\"https:\/\/felipsotomotiv.com\/index.php\/urun\/dolap-kapak-mandali-2-parca-fnsc101\/\" target=\"_self\" >FNSC101 DOLAP KAPAK MANDALI 2 PAR\u00c7A (PRESL\u0130) NG SC S\/R<\/a><\/h3>\n\n<div data-block-name=\"woocommerce\/product-price\" data-is-descendent-of-query-loop=\"true\" data-text-align=\"center\" data-style=\"{&quot;spacing&quot;:{&quot;margin&quot;:{&quot;bottom&quot;:&quot;0.75rem&quot;,&quot;top&quot;:&quot;0&quot;}}}\" class=\"wc-block-components-product-price wc-block-grid__product-price has-text-align-center \" style=\"margin-bottom:0.75rem;margin-top:0;\">\n\t\t\t\t\t\n\t\t\t\t<\/div>\n\n<div data-block-name=\"woocommerce\/product-button\" data-is-descendent-of-query-loop=\"true\" data-text-align=\"center\" data-style=\"{&quot;spacing&quot;:{&quot;margin&quot;:{&quot;bottom&quot;:&quot;0.75rem&quot;,&quot;top&quot;:&quot;0&quot;}}}\" class=\"wp-block-button wc-block-components-product-button wc-block-grid__product-add-to-cart has-text-align-center\">\n\t\t\t\t\t<a href=\"https:\/\/felipsotomotiv.com\/index.php\/urun\/dolap-kapak-mandali-2-parca-fnsc101\/\" class=\"wp-block-button__link wc-block-components-product-button__button product_type_simple\" style=\"margin-bottom:0.75rem;margin-top:0;\" data-product_id=\"1125\" data-product_sku=\"\" aria-label=\"Read more about &ldquo;FNSC101 DOLAP KAPAK MANDALI 2 PAR\u00c7A (PRESL\u0130) NG SC S\/R&rdquo;\" rel=\"nofollow\">Read more<\/a>\n\t\t\t\t<\/div>\n<\/li><li class=\"wp-block-post post-1131 product type-product status-publish has-post-thumbnail hentry product_cat-scania-ic-mekan-aksesuarlari\">\n<div data-block-name=\"woocommerce\/product-image\" data-is-descendent-of-query-loop=\"true\" class=\"wc-block-components-product-image wc-block-grid__product-image\" style=\" \">\n\t\t\t\t\t<a href=\"https:\/\/felipsotomotiv.com\/index.php\/urun\/yatak-ayar-mandali-2-parca-fnsc102\/\" style=\"\"> <img decoding=\"async\" data-testid=\"product-image\" alt=\"FNSC102 SCAN\u0130A \u0130\u00c7\u0130N YATAK AYAR MANDALI 2 PAR\u00c7A (PRESL\u0130) NG SC S\/R\" src=\"https:\/\/felipsotomotiv.com\/wp-content\/uploads\/2024\/04\/FNSC102-300x300.jpg\"><\/a>\n\t\t\t\t<\/div>\n\n<h3 style=\"margin-bottom:0.75rem;margin-top:0;\" class=\"has-text-align-center wp-block-post-title has-medium-font-size\"><a href=\"https:\/\/felipsotomotiv.com\/index.php\/urun\/yatak-ayar-mandali-2-parca-fnsc102\/\" target=\"_self\" >FNSC102 SCAN\u0130A \u0130\u00c7\u0130N YATAK AYAR MANDALI 2 PAR\u00c7A (PRESL\u0130) NG SC S\/R<\/a><\/h3>\n\n<div data-block-name=\"woocommerce\/product-price\" data-is-descendent-of-query-loop=\"true\" data-text-align=\"center\" data-style=\"{&quot;spacing&quot;:{&quot;margin&quot;:{&quot;bottom&quot;:&quot;0.75rem&quot;,&quot;top&quot;:&quot;0&quot;}}}\" class=\"wc-block-components-product-price wc-block-grid__product-price has-text-align-center \" style=\"margin-bottom:0.75rem;margin-top:0;\">\n\t\t\t\t\t\n\t\t\t\t<\/div>\n\n<div data-block-name=\"woocommerce\/product-button\" data-is-descendent-of-query-loop=\"true\" data-text-align=\"center\" data-style=\"{&quot;spacing&quot;:{&quot;margin&quot;:{&quot;bottom&quot;:&quot;0.75rem&quot;,&quot;top&quot;:&quot;0&quot;}}}\" class=\"wp-block-button wc-block-components-product-button wc-block-grid__product-add-to-cart has-text-align-center\">\n\t\t\t\t\t<a href=\"https:\/\/felipsotomotiv.com\/index.php\/urun\/yatak-ayar-mandali-2-parca-fnsc102\/\" class=\"wp-block-button__link wc-block-components-product-button__button product_type_simple\" style=\"margin-bottom:0.75rem;margin-top:0;\" data-product_id=\"1131\" data-product_sku=\"\" aria-label=\"Read more about &ldquo;FNSC102 SCAN\u0130A \u0130\u00c7\u0130N YATAK AYAR MANDALI 2 PAR\u00c7A (PRESL\u0130) NG SC S\/R&rdquo;\" rel=\"nofollow\">Read more<\/a>\n\t\t\t\t<\/div>\n<\/li><li class=\"wp-block-post post-1139 product type-product status-publish has-post-thumbnail hentry product_cat-scania-ic-mekan-aksesuarlari\">\n<div data-block-name=\"woocommerce\/product-image\" data-is-descendent-of-query-loop=\"true\" class=\"wc-block-components-product-image wc-block-grid__product-image\" style=\" \">\n\t\t\t\t\t<a href=\"https:\/\/felipsotomotiv.com\/index.php\/urun\/guneslik-tutacagi-2-parca-fnsc103\/\" style=\"\"> <img decoding=\"async\" data-testid=\"product-image\" alt=\"FNSC103 SCAN\u0130A \u0130\u00c7\u0130N G\u00dcNE\u015eL\u0130K TUTACA\u011eI 2 PAR\u00c7A (PRESL\u0130) NG SC S\/R\" src=\"https:\/\/felipsotomotiv.com\/wp-content\/uploads\/2024\/04\/FNSC103-1-300x300.jpg\"><\/a>\n\t\t\t\t<\/div>\n\n<h3 style=\"margin-bottom:0.75rem;margin-top:0;\" class=\"has-text-align-center wp-block-post-title has-medium-font-size\"><a href=\"https:\/\/felipsotomotiv.com\/index.php\/urun\/guneslik-tutacagi-2-parca-fnsc103\/\" target=\"_self\" >FNSC103 SCAN\u0130A \u0130\u00c7\u0130N G\u00dcNE\u015eL\u0130K TUTACA\u011eI 2 PAR\u00c7A (PRESL\u0130) NG SC S\/R<\/a><\/h3>\n\n<div data-block-name=\"woocommerce\/product-price\" data-is-descendent-of-query-loop=\"true\" data-text-align=\"center\" data-style=\"{&quot;spacing&quot;:{&quot;margin&quot;:{&quot;bottom&quot;:&quot;0.75rem&quot;,&quot;top&quot;:&quot;0&quot;}}}\" class=\"wc-block-components-product-price wc-block-grid__product-price has-text-align-center \" style=\"margin-bottom:0.75rem;margin-top:0;\">\n\t\t\t\t\t\n\t\t\t\t<\/div>\n\n<div data-block-name=\"woocommerce\/product-button\" data-is-descendent-of-query-loop=\"true\" data-text-align=\"center\" data-style=\"{&quot;spacing&quot;:{&quot;margin&quot;:{&quot;bottom&quot;:&quot;0.75rem&quot;,&quot;top&quot;:&quot;0&quot;}}}\" class=\"wp-block-button wc-block-components-product-button wc-block-grid__product-add-to-cart has-text-align-center\">\n\t\t\t\t\t<a href=\"https:\/\/felipsotomotiv.com\/index.php\/urun\/guneslik-tutacagi-2-parca-fnsc103\/\" class=\"wp-block-button__link wc-block-components-product-button__button product_type_simple\" style=\"margin-bottom:0.75rem;margin-top:0;\" data-product_id=\"1139\" data-product_sku=\"\" aria-label=\"Read more about &ldquo;FNSC103 SCAN\u0130A \u0130\u00c7\u0130N G\u00dcNE\u015eL\u0130K TUTACA\u011eI 2 PAR\u00c7A (PRESL\u0130) NG SC S\/R&rdquo;\" rel=\"nofollow\">Read more<\/a>\n\t\t\t\t<\/div>\n<\/li><li class=\"wp-block-post post-1144 product type-product status-publish has-post-thumbnail hentry product_cat-scania-ic-mekan-aksesuarlari\">\n<div data-block-name=\"woocommerce\/product-image\" data-is-descendent-of-query-loop=\"true\" class=\"wc-block-components-product-image wc-block-grid__product-image\" style=\" \">\n\t\t\t\t\t<a href=\"https:\/\/felipsotomotiv.com\/index.php\/urun\/kapi-esik-yan-kromu-fnsc106\/\" style=\"\"> <img decoding=\"async\" data-testid=\"product-image\" alt=\"FNSC106 SCAN\u0130A \u0130\u00c7\u0130N KAPI E\u015e\u0130K YAN KROMU (PRESL\u0130) NG SC S\/R\" src=\"https:\/\/felipsotomotiv.com\/wp-content\/uploads\/2024\/04\/FNSC1066-300x300.jpg\"><\/a>\n\t\t\t\t<\/div>\n\n<h3 style=\"margin-bottom:0.75rem;margin-top:0;\" class=\"has-text-align-center wp-block-post-title has-medium-font-size\"><a href=\"https:\/\/felipsotomotiv.com\/index.php\/urun\/kapi-esik-yan-kromu-fnsc106\/\" target=\"_self\" >FNSC106 SCAN\u0130A \u0130\u00c7\u0130N KAPI E\u015e\u0130K YAN KROMU (PRESL\u0130) NG SC S\/R<\/a><\/h3>\n\n<div data-block-name=\"woocommerce\/product-price\" data-is-descendent-of-query-loop=\"true\" data-text-align=\"center\" data-style=\"{&quot;spacing&quot;:{&quot;margin&quot;:{&quot;bottom&quot;:&quot;0.75rem&quot;,&quot;top&quot;:&quot;0&quot;}}}\" class=\"wc-block-components-product-price wc-block-grid__product-price has-text-align-center \" style=\"margin-bottom:0.75rem;margin-top:0;\">\n\t\t\t\t\t\n\t\t\t\t<\/div>\n\n<div data-block-name=\"woocommerce\/product-button\" data-is-descendent-of-query-loop=\"true\" data-text-align=\"center\" data-style=\"{&quot;spacing&quot;:{&quot;margin&quot;:{&quot;bottom&quot;:&quot;0.75rem&quot;,&quot;top&quot;:&quot;0&quot;}}}\" class=\"wp-block-button wc-block-components-product-button wc-block-grid__product-add-to-cart has-text-align-center\">\n\t\t\t\t\t<a href=\"https:\/\/felipsotomotiv.com\/index.php\/urun\/kapi-esik-yan-kromu-fnsc106\/\" class=\"wp-block-button__link wc-block-components-product-button__button product_type_simple\" style=\"margin-bottom:0.75rem;margin-top:0;\" data-product_id=\"1144\" data-product_sku=\"\" aria-label=\"Read more about &ldquo;FNSC106 SCAN\u0130A \u0130\u00c7\u0130N KAPI E\u015e\u0130K YAN KROMU (PRESL\u0130) NG SC S\/R&rdquo;\" rel=\"nofollow\">Read more<\/a>\n\t\t\t\t<\/div>\n<\/li><li class=\"wp-block-post post-1149 product type-product status-publish has-post-thumbnail hentry product_cat-scania-ic-mekan-aksesuarlari\">\n<div data-block-name=\"woocommerce\/product-image\" data-is-descendent-of-query-loop=\"true\" class=\"wc-block-components-product-image wc-block-grid__product-image\" style=\" \">\n\t\t\t\t\t<a href=\"https:\/\/felipsotomotiv.com\/index.php\/urun\/kapi-hoparlor-citasi-fnsc107\/\" style=\"\"> <img decoding=\"async\" data-testid=\"product-image\" alt=\"FNSC107 SCAN\u0130A \u0130\u00c7\u0130N KAPI HOPARL\u00d6R \u00c7ITASI (PRESL\u0130) NG SC S\/R\" src=\"https:\/\/felipsotomotiv.com\/wp-content\/uploads\/2024\/04\/FNSC1077-300x300.jpg\"><\/a>\n\t\t\t\t<\/div>\n\n<h3 style=\"margin-bottom:0.75rem;margin-top:0;\" class=\"has-text-align-center wp-block-post-title has-medium-font-size\"><a href=\"https:\/\/felipsotomotiv.com\/index.php\/urun\/kapi-hoparlor-citasi-fnsc107\/\" target=\"_self\" >FNSC107 SCAN\u0130A \u0130\u00c7\u0130N KAPI HOPARL\u00d6R \u00c7ITASI (PRESL\u0130) NG SC S\/R<\/a><\/h3>\n\n<div data-block-name=\"woocommerce\/product-price\" data-is-descendent-of-query-loop=\"true\" data-text-align=\"center\" data-style=\"{&quot;spacing&quot;:{&quot;margin&quot;:{&quot;bottom&quot;:&quot;0.75rem&quot;,&quot;top&quot;:&quot;0&quot;}}}\" class=\"wc-block-components-product-price wc-block-grid__product-price has-text-align-center \" style=\"margin-bottom:0.75rem;margin-top:0;\">\n\t\t\t\t\t\n\t\t\t\t<\/div>\n\n<div data-block-name=\"woocommerce\/product-button\" data-is-descendent-of-query-loop=\"true\" data-text-align=\"center\" data-style=\"{&quot;spacing&quot;:{&quot;margin&quot;:{&quot;bottom&quot;:&quot;0.75rem&quot;,&quot;top&quot;:&quot;0&quot;}}}\" class=\"wp-block-button wc-block-components-product-button wc-block-grid__product-add-to-cart has-text-align-center\">\n\t\t\t\t\t<a href=\"https:\/\/felipsotomotiv.com\/index.php\/urun\/kapi-hoparlor-citasi-fnsc107\/\" class=\"wp-block-button__link wc-block-components-product-button__button product_type_simple\" style=\"margin-bottom:0.75rem;margin-top:0;\" data-product_id=\"1149\" data-product_sku=\"\" aria-label=\"Read more about &ldquo;FNSC107 SCAN\u0130A \u0130\u00c7\u0130N KAPI HOPARL\u00d6R \u00c7ITASI (PRESL\u0130) NG SC S\/R&rdquo;\" rel=\"nofollow\">Read more<\/a>\n\t\t\t\t<\/div>\n<\/li><li class=\"wp-block-post post-1154 product type-product status-publish has-post-thumbnail hentry product_cat-scania-ic-mekan-aksesuarlari\">\n<div data-block-name=\"woocommerce\/product-image\" data-is-descendent-of-query-loop=\"true\" class=\"wc-block-components-product-image wc-block-grid__product-image\" style=\" \">\n\t\t\t\t\t<a href=\"https:\/\/felipsotomotiv.com\/index.php\/urun\/kapi-alt-citasi-fnsc108\/\" style=\"\"> <img decoding=\"async\" data-testid=\"product-image\" alt=\"FNSC108 SCAN\u0130A \u0130\u00c7\u0130N KAPI ALT \u00c7ITASI (PRESL\u0130) NG SC S\/R\" src=\"https:\/\/felipsotomotiv.com\/wp-content\/uploads\/2024\/04\/FNSC1088-300x300.jpg\"><\/a>\n\t\t\t\t<\/div>\n\n<h3 style=\"margin-bottom:0.75rem;margin-top:0;\" class=\"has-text-align-center wp-block-post-title has-medium-font-size\"><a href=\"https:\/\/felipsotomotiv.com\/index.php\/urun\/kapi-alt-citasi-fnsc108\/\" target=\"_self\" >FNSC108 SCAN\u0130A \u0130\u00c7\u0130N KAPI ALT \u00c7ITASI (PRESL\u0130) NG SC S\/R<\/a><\/h3>\n\n<div data-block-name=\"woocommerce\/product-price\" data-is-descendent-of-query-loop=\"true\" data-text-align=\"center\" data-style=\"{&quot;spacing&quot;:{&quot;margin&quot;:{&quot;bottom&quot;:&quot;0.75rem&quot;,&quot;top&quot;:&quot;0&quot;}}}\" class=\"wc-block-components-product-price wc-block-grid__product-price has-text-align-center \" style=\"margin-bottom:0.75rem;margin-top:0;\">\n\t\t\t\t\t\n\t\t\t\t<\/div>\n\n<div data-block-name=\"woocommerce\/product-button\" data-is-descendent-of-query-loop=\"true\" data-text-align=\"center\" data-style=\"{&quot;spacing&quot;:{&quot;margin&quot;:{&quot;bottom&quot;:&quot;0.75rem&quot;,&quot;top&quot;:&quot;0&quot;}}}\" class=\"wp-block-button wc-block-components-product-button wc-block-grid__product-add-to-cart has-text-align-center\">\n\t\t\t\t\t<a href=\"https:\/\/felipsotomotiv.com\/index.php\/urun\/kapi-alt-citasi-fnsc108\/\" class=\"wp-block-button__link wc-block-components-product-button__button product_type_simple\" style=\"margin-bottom:0.75rem;margin-top:0;\" data-product_id=\"1154\" data-product_sku=\"\" aria-label=\"Read more about &ldquo;FNSC108 SCAN\u0130A \u0130\u00c7\u0130N KAPI ALT \u00c7ITASI (PRESL\u0130) NG SC S\/R&rdquo;\" rel=\"nofollow\">Read more<\/a>\n\t\t\t\t<\/div>\n<\/li><li class=\"wp-block-post post-1158 product type-product status-publish has-post-thumbnail hentry product_cat-scania-ic-mekan-aksesuarlari\">\n<div data-block-name=\"woocommerce\/product-image\" data-is-descendent-of-query-loop=\"true\" class=\"wc-block-components-product-image wc-block-grid__product-image\" style=\" \">\n\t\t\t\t\t<a href=\"https:\/\/felipsotomotiv.com\/index.php\/urun\/kapi-reflektor-citasi-fnsc109\/\" style=\"\"> <img decoding=\"async\" data-testid=\"product-image\" alt=\"FNSC109 SCAN\u0130A \u0130\u00c7\u0130N KAPI REFLEKT\u00d6R \u00c7ITASI (PRESL\u0130) NG SC S\/R\" src=\"https:\/\/felipsotomotiv.com\/wp-content\/uploads\/2024\/04\/FNSC1099-300x300.jpg\"><\/a>\n\t\t\t\t<\/div>\n\n<h3 style=\"margin-bottom:0.75rem;margin-top:0;\" class=\"has-text-align-center wp-block-post-title has-medium-font-size\"><a href=\"https:\/\/felipsotomotiv.com\/index.php\/urun\/kapi-reflektor-citasi-fnsc109\/\" target=\"_self\" >FNSC109 SCAN\u0130A \u0130\u00c7\u0130N KAPI REFLEKT\u00d6R \u00c7ITASI (PRESL\u0130) NG SC S\/R<\/a><\/h3>\n\n<div data-block-name=\"woocommerce\/product-price\" data-is-descendent-of-query-loop=\"true\" data-text-align=\"center\" data-style=\"{&quot;spacing&quot;:{&quot;margin&quot;:{&quot;bottom&quot;:&quot;0.75rem&quot;,&quot;top&quot;:&quot;0&quot;}}}\" class=\"wc-block-components-product-price wc-block-grid__product-price has-text-align-center \" style=\"margin-bottom:0.75rem;margin-top:0;\">\n\t\t\t\t\t\n\t\t\t\t<\/div>\n\n<div data-block-name=\"woocommerce\/product-button\" data-is-descendent-of-query-loop=\"true\" data-text-align=\"center\" data-style=\"{&quot;spacing&quot;:{&quot;margin&quot;:{&quot;bottom&quot;:&quot;0.75rem&quot;,&quot;top&quot;:&quot;0&quot;}}}\" class=\"wp-block-button wc-block-components-product-button wc-block-grid__product-add-to-cart has-text-align-center\">\n\t\t\t\t\t<a href=\"https:\/\/felipsotomotiv.com\/index.php\/urun\/kapi-reflektor-citasi-fnsc109\/\" class=\"wp-block-button__link wc-block-components-product-button__button product_type_simple\" style=\"margin-bottom:0.75rem;margin-top:0;\" data-product_id=\"1158\" data-product_sku=\"\" aria-label=\"Read more about &ldquo;FNSC109 SCAN\u0130A \u0130\u00c7\u0130N KAPI REFLEKT\u00d6R \u00c7ITASI (PRESL\u0130) NG SC S\/R&rdquo;\" rel=\"nofollow\">Read more<\/a>\n\t\t\t\t<\/div>\n<\/li><li class=\"wp-block-post post-1165 product type-product status-publish has-post-thumbnail hentry product_cat-scania-ic-mekan-aksesuarlari\">\n<div data-block-name=\"woocommerce\/product-image\" data-is-descendent-of-query-loop=\"true\" class=\"wc-block-components-product-image wc-block-grid__product-image\" style=\" \">\n\t\t\t\t\t<a href=\"https:\/\/felipsotomotiv.com\/index.php\/urun\/tweeter-hoparlor-kromu-fnsc110\/\" style=\"\"> <img decoding=\"async\" data-testid=\"product-image\" alt=\"FNSC110 SCAN\u0130A \u0130\u00c7\u0130N TWEETER HOPARL\u00d6R KROMU (PRESL\u0130) NG SC S\/R\" src=\"https:\/\/felipsotomotiv.com\/wp-content\/uploads\/2024\/04\/FNSC110-300x300.jpg\"><\/a>\n\t\t\t\t<\/div>\n\n<h3 style=\"margin-bottom:0.75rem;margin-top:0;\" class=\"has-text-align-center wp-block-post-title has-medium-font-size\"><a href=\"https:\/\/felipsotomotiv.com\/index.php\/urun\/tweeter-hoparlor-kromu-fnsc110\/\" target=\"_self\" >FNSC110 SCAN\u0130A \u0130\u00c7\u0130N TWEETER HOPARL\u00d6R KROMU (PRESL\u0130) NG SC S\/R<\/a><\/h3>\n\n<div data-block-name=\"woocommerce\/product-price\" data-is-descendent-of-query-loop=\"true\" data-text-align=\"center\" data-style=\"{&quot;spacing&quot;:{&quot;margin&quot;:{&quot;bottom&quot;:&quot;0.75rem&quot;,&quot;top&quot;:&quot;0&quot;}}}\" class=\"wc-block-components-product-price wc-block-grid__product-price has-text-align-center \" style=\"margin-bottom:0.75rem;margin-top:0;\">\n\t\t\t\t\t\n\t\t\t\t<\/div>\n\n<div data-block-name=\"woocommerce\/product-button\" data-is-descendent-of-query-loop=\"true\" data-text-align=\"center\" data-style=\"{&quot;spacing&quot;:{&quot;margin&quot;:{&quot;bottom&quot;:&quot;0.75rem&quot;,&quot;top&quot;:&quot;0&quot;}}}\" class=\"wp-block-button wc-block-components-product-button wc-block-grid__product-add-to-cart has-text-align-center\">\n\t\t\t\t\t<a href=\"https:\/\/felipsotomotiv.com\/index.php\/urun\/tweeter-hoparlor-kromu-fnsc110\/\" class=\"wp-block-button__link wc-block-components-product-button__button product_type_simple\" style=\"margin-bottom:0.75rem;margin-top:0;\" data-product_id=\"1165\" data-product_sku=\"\" aria-label=\"Read more about &ldquo;FNSC110 SCAN\u0130A \u0130\u00c7\u0130N TWEETER HOPARL\u00d6R KROMU (PRESL\u0130) NG SC S\/R&rdquo;\" rel=\"nofollow\">Read more<\/a>\n\t\t\t\t<\/div>\n<\/li><li class=\"wp-block-post post-1170 product type-product status-publish has-post-thumbnail hentry product_cat-scania-ic-mekan-aksesuarlari\">\n<div data-block-name=\"woocommerce\/product-image\" data-is-descendent-of-query-loop=\"true\" class=\"wc-block-components-product-image wc-block-grid__product-image\" style=\" \">\n\t\t\t\t\t<a href=\"https:\/\/felipsotomotiv.com\/index.php\/urun\/ust-konsol-boynuz-citasi-fnsc113\/\" style=\"\"> <img decoding=\"async\" data-testid=\"product-image\" alt=\"FNSC113 SCAN\u0130A \u0130\u00c7\u0130N \u00dcST KONSOL BOYNUZ \u00c7ITASI (PRESL\u0130) NG SC S\/R\" src=\"https:\/\/felipsotomotiv.com\/wp-content\/uploads\/2024\/04\/FNSC113-1-300x300.jpg\"><\/a>\n\t\t\t\t<\/div>\n\n<h3 style=\"margin-bottom:0.75rem;margin-top:0;\" class=\"has-text-align-center wp-block-post-title has-medium-font-size\"><a href=\"https:\/\/felipsotomotiv.com\/index.php\/urun\/ust-konsol-boynuz-citasi-fnsc113\/\" target=\"_self\" >FNSC113 SCAN\u0130A \u0130\u00c7\u0130N \u00dcST KONSOL BOYNUZ \u00c7ITASI (PRESL\u0130) NG SC S\/R<\/a><\/h3>\n\n<div data-block-name=\"woocommerce\/product-price\" data-is-descendent-of-query-loop=\"true\" data-text-align=\"center\" data-style=\"{&quot;spacing&quot;:{&quot;margin&quot;:{&quot;bottom&quot;:&quot;0.75rem&quot;,&quot;top&quot;:&quot;0&quot;}}}\" class=\"wc-block-components-product-price wc-block-grid__product-price has-text-align-center \" style=\"margin-bottom:0.75rem;margin-top:0;\">\n\t\t\t\t\t\n\t\t\t\t<\/div>\n\n<div data-block-name=\"woocommerce\/product-button\" data-is-descendent-of-query-loop=\"true\" data-text-align=\"center\" data-style=\"{&quot;spacing&quot;:{&quot;margin&quot;:{&quot;bottom&quot;:&quot;0.75rem&quot;,&quot;top&quot;:&quot;0&quot;}}}\" class=\"wp-block-button wc-block-components-product-button wc-block-grid__product-add-to-cart has-text-align-center\">\n\t\t\t\t\t<a href=\"https:\/\/felipsotomotiv.com\/index.php\/urun\/ust-konsol-boynuz-citasi-fnsc113\/\" class=\"wp-block-button__link wc-block-components-product-button__button product_type_simple\" style=\"margin-bottom:0.75rem;margin-top:0;\" data-product_id=\"1170\" data-product_sku=\"\" aria-label=\"Read more about &ldquo;FNSC113 SCAN\u0130A \u0130\u00c7\u0130N \u00dcST KONSOL BOYNUZ \u00c7ITASI (PRESL\u0130) NG SC S\/R&rdquo;\" rel=\"nofollow\">Read more<\/a>\n\t\t\t\t<\/div>\n<\/li><\/ul>\n\n\n\n<\/div>\n","protected":false},"excerpt":{"rendered":"","protected":false},"author":1,"featured_media":0,"parent":0,"menu_order":0,"comment_status":"closed","ping_status":"closed","template":"","meta":{"footnotes":""},"class_list":["post-1104","page","type-page","status-publish","hentry"],"_links":{"self":[{"href":"https:\/\/felipsotomotiv.com\/index.php\/wp-json\/wp\/v2\/pages\/1104","targetHints":{"allow":["GET"]}}],"collection":[{"href":"https:\/\/felipsotomotiv.com\/index.php\/wp-json\/wp\/v2\/pages"}],"about":[{"href":"https:\/\/felipsotomotiv.com\/index.php\/wp-json\/wp\/v2\/types\/page"}],"author":[{"embeddable":true,"href":"https:\/\/felipsotomotiv.com\/index.php\/wp-json\/wp\/v2\/users\/1"}],"replies":[{"embeddable":true,"href":"https:\/\/felipsotomotiv.com\/index.php\/wp-json\/wp\/v2\/comments?post=1104"}],"version-history":[{"count":2,"href":"https:\/\/felipsotomotiv.com\/index.php\/wp-json\/wp\/v2\/pages\/1104\/revisions"}],"predecessor-version":[{"id":1347,"href":"https:\/\/felipsotomotiv.com\/index.php\/wp-json\/wp\/v2\/pages\/1104\/revisions\/1347"}],"wp:attachment":[{"href":"https:\/\/felipsotomotiv.com\/index.php\/wp-json\/wp\/v2\/media?parent=1104"}],"curies":[{"name":"wp","href":"https:\/\/api.w.org\/{rel}","templated":true}]}}