{"id":2367,"date":"2024-12-26T15:34:39","date_gmt":"2024-12-26T12:34:39","guid":{"rendered":"https:\/\/felipsotomotiv.com\/?page_id=2367"},"modified":"2024-12-27T10:31:37","modified_gmt":"2024-12-27T07:31:37","slug":"pacalik","status":"publish","type":"page","link":"https:\/\/felipsotomotiv.com\/index.php\/pacalik\/","title":{"rendered":"PA\u00c7ALIK"},"content":{"rendered":"\n<div class=\"wp-block-group has-global-padding is-layout-constrained wp-block-group-is-layout-constrained\">\n<div class=\"wp-block-columns is-layout-flex wp-container-core-columns-is-layout-28f84493 wp-block-columns-is-layout-flex\">\n<div class=\"wp-block-column is-layout-flow wp-block-column-is-layout-flow\" style=\"flex-basis:100%\">\n<div class=\"wp-block-group is-nowrap is-layout-flex wp-container-core-group-is-layout-6c531013 wp-block-group-is-layout-flex\">\n<div class=\"wp-block-columns is-layout-flex wp-container-core-columns-is-layout-28f84493 wp-block-columns-is-layout-flex\">\n<div class=\"wp-block-column is-layout-flow wp-block-column-is-layout-flow\" style=\"flex-basis:100%\">\n<div class=\"wp-block-group has-global-padding is-layout-constrained wp-block-group-is-layout-constrained\">\n<div class=\"wp-block-query is-layout-flow wp-block-query-is-layout-flow\">\n<div class=\"wp-block-group has-global-padding is-layout-constrained wp-block-group-is-layout-constrained\"><ul class=\"columns-3 wp-block-post-template is-layout-grid wp-container-core-post-template-is-layout-6d3fbd8f wp-block-post-template-is-layout-grid\"><li class=\"wp-block-post post-2363 product type-product status-publish has-post-thumbnail hentry product_cat-pacalik\">\n<div data-block-name=\"woocommerce\/product-image\" data-is-descendent-of-query-loop=\"true\" class=\"wc-block-components-product-image wc-block-grid__product-image\" style=\" \">\n\t\t\t\t\t<a href=\"https:\/\/felipsotomotiv.com\/index.php\/urun\/fm101b-scania-icin-siyah-pacalik\/\" style=\"\"> <img decoding=\"async\" data-testid=\"product-image\" alt=\"FM101B SCAN\u0130A \u0130\u00c7\u0130N S\u0130YAH PA\u00c7ALIK\" src=\"https:\/\/felipsotomotiv.com\/wp-content\/uploads\/2024\/12\/FM101B-300x300.jpg\"><\/a>\n\t\t\t\t<\/div>\n\n<h3 style=\"margin-bottom:0.75rem;margin-top:0;\" class=\"has-text-align-center wp-block-post-title has-medium-font-size\"><a href=\"https:\/\/felipsotomotiv.com\/index.php\/urun\/fm101b-scania-icin-siyah-pacalik\/\" target=\"_self\" >FM101B SCAN\u0130A \u0130\u00c7\u0130N S\u0130YAH PA\u00c7ALIK<\/a><\/h3>\n\n<div data-block-name=\"woocommerce\/product-price\" data-is-descendent-of-query-loop=\"true\" data-text-align=\"center\" data-style=\"{&quot;spacing&quot;:{&quot;margin&quot;:{&quot;bottom&quot;:&quot;0.75rem&quot;,&quot;top&quot;:&quot;0&quot;}}}\" class=\"wc-block-components-product-price wc-block-grid__product-price has-text-align-center \" style=\"margin-bottom:0.75rem;margin-top:0;\">\n\t\t\t\t\t\n\t\t\t\t<\/div>\n\n<div data-block-name=\"woocommerce\/product-button\" data-is-descendent-of-query-loop=\"true\" data-text-align=\"center\" data-style=\"{&quot;spacing&quot;:{&quot;margin&quot;:{&quot;bottom&quot;:&quot;0.75rem&quot;,&quot;top&quot;:&quot;0&quot;}}}\" class=\"wp-block-button wc-block-components-product-button wc-block-grid__product-add-to-cart has-text-align-center\">\n\t\t\t\t\t<a href=\"https:\/\/felipsotomotiv.com\/index.php\/urun\/fm101b-scania-icin-siyah-pacalik\/\" class=\"wp-block-button__link wc-block-components-product-button__button product_type_simple\" style=\"margin-bottom:0.75rem;margin-top:0;\" data-product_id=\"2363\" data-product_sku=\"\" aria-label=\"Read more about &ldquo;FM101B SCAN\u0130A \u0130\u00c7\u0130N S\u0130YAH PA\u00c7ALIK&rdquo;\" rel=\"nofollow\">Read more<\/a>\n\t\t\t\t<\/div>\n<\/li><li class=\"wp-block-post post-2372 product type-product status-publish has-post-thumbnail hentry product_cat-pacalik\">\n<div data-block-name=\"woocommerce\/product-image\" data-is-descendent-of-query-loop=\"true\" class=\"wc-block-components-product-image wc-block-grid__product-image\" style=\" \">\n\t\t\t\t\t<a href=\"https:\/\/felipsotomotiv.com\/index.php\/urun\/fm101w-scania-icin-beyaz-pacalik\/\" style=\"\"> <img decoding=\"async\" data-testid=\"product-image\" alt=\"FM101W SCAN\u0130A \u0130\u00c7\u0130N BEYAZ PA\u00c7ALIK\" src=\"https:\/\/felipsotomotiv.com\/wp-content\/uploads\/2024\/12\/FM101W-300x300.jpg\"><\/a>\n\t\t\t\t<\/div>\n\n<h3 style=\"margin-bottom:0.75rem;margin-top:0;\" class=\"has-text-align-center wp-block-post-title has-medium-font-size\"><a href=\"https:\/\/felipsotomotiv.com\/index.php\/urun\/fm101w-scania-icin-beyaz-pacalik\/\" target=\"_self\" >FM101W SCAN\u0130A \u0130\u00c7\u0130N BEYAZ PA\u00c7ALIK<\/a><\/h3>\n\n<div data-block-name=\"woocommerce\/product-price\" data-is-descendent-of-query-loop=\"true\" data-text-align=\"center\" data-style=\"{&quot;spacing&quot;:{&quot;margin&quot;:{&quot;bottom&quot;:&quot;0.75rem&quot;,&quot;top&quot;:&quot;0&quot;}}}\" class=\"wc-block-components-product-price wc-block-grid__product-price has-text-align-center \" style=\"margin-bottom:0.75rem;margin-top:0;\">\n\t\t\t\t\t\n\t\t\t\t<\/div>\n\n<div data-block-name=\"woocommerce\/product-button\" data-is-descendent-of-query-loop=\"true\" data-text-align=\"center\" data-style=\"{&quot;spacing&quot;:{&quot;margin&quot;:{&quot;bottom&quot;:&quot;0.75rem&quot;,&quot;top&quot;:&quot;0&quot;}}}\" class=\"wp-block-button wc-block-components-product-button wc-block-grid__product-add-to-cart has-text-align-center\">\n\t\t\t\t\t<a href=\"https:\/\/felipsotomotiv.com\/index.php\/urun\/fm101w-scania-icin-beyaz-pacalik\/\" class=\"wp-block-button__link wc-block-components-product-button__button product_type_simple\" style=\"margin-bottom:0.75rem;margin-top:0;\" data-product_id=\"2372\" data-product_sku=\"\" aria-label=\"Read more about &ldquo;FM101W SCAN\u0130A \u0130\u00c7\u0130N BEYAZ PA\u00c7ALIK&rdquo;\" rel=\"nofollow\">Read more<\/a>\n\t\t\t\t<\/div>\n<\/li><li class=\"wp-block-post post-2380 product type-product status-publish has-post-thumbnail hentry product_cat-pacalik\">\n<div data-block-name=\"woocommerce\/product-image\" data-is-descendent-of-query-loop=\"true\" class=\"wc-block-components-product-image wc-block-grid__product-image\" style=\" \">\n\t\t\t\t\t<a href=\"https:\/\/felipsotomotiv.com\/index.php\/urun\/fm102b-super-yazili-siyah-pacalik\/\" style=\"\"> <img decoding=\"async\" data-testid=\"product-image\" alt=\"FM102B S\u00dcPER YAZILI S\u0130YAH PA\u00c7ALIK\" src=\"https:\/\/felipsotomotiv.com\/wp-content\/uploads\/2024\/12\/FM102B-300x300.jpg\"><\/a>\n\t\t\t\t<\/div>\n\n<h3 style=\"margin-bottom:0.75rem;margin-top:0;\" class=\"has-text-align-center wp-block-post-title has-medium-font-size\"><a href=\"https:\/\/felipsotomotiv.com\/index.php\/urun\/fm102b-super-yazili-siyah-pacalik\/\" target=\"_self\" >FM102B S\u00dcPER YAZILI S\u0130YAH PA\u00c7ALIK<\/a><\/h3>\n\n<div data-block-name=\"woocommerce\/product-price\" data-is-descendent-of-query-loop=\"true\" data-text-align=\"center\" data-style=\"{&quot;spacing&quot;:{&quot;margin&quot;:{&quot;bottom&quot;:&quot;0.75rem&quot;,&quot;top&quot;:&quot;0&quot;}}}\" class=\"wc-block-components-product-price wc-block-grid__product-price has-text-align-center \" style=\"margin-bottom:0.75rem;margin-top:0;\">\n\t\t\t\t\t\n\t\t\t\t<\/div>\n\n<div data-block-name=\"woocommerce\/product-button\" data-is-descendent-of-query-loop=\"true\" data-text-align=\"center\" data-style=\"{&quot;spacing&quot;:{&quot;margin&quot;:{&quot;bottom&quot;:&quot;0.75rem&quot;,&quot;top&quot;:&quot;0&quot;}}}\" class=\"wp-block-button wc-block-components-product-button wc-block-grid__product-add-to-cart has-text-align-center\">\n\t\t\t\t\t<a href=\"https:\/\/felipsotomotiv.com\/index.php\/urun\/fm102b-super-yazili-siyah-pacalik\/\" class=\"wp-block-button__link wc-block-components-product-button__button product_type_simple\" style=\"margin-bottom:0.75rem;margin-top:0;\" data-product_id=\"2380\" data-product_sku=\"\" aria-label=\"Read more about &ldquo;FM102B S\u00dcPER YAZILI S\u0130YAH PA\u00c7ALIK&rdquo;\" rel=\"nofollow\">Read more<\/a>\n\t\t\t\t<\/div>\n<\/li><li class=\"wp-block-post post-2378 product type-product status-publish has-post-thumbnail hentry product_cat-pacalik\">\n<div data-block-name=\"woocommerce\/product-image\" data-is-descendent-of-query-loop=\"true\" class=\"wc-block-components-product-image wc-block-grid__product-image\" style=\" \">\n\t\t\t\t\t<a href=\"https:\/\/felipsotomotiv.com\/index.php\/urun\/fm102w-super-yazili-beyaz-pacalik\/\" style=\"\"> <img decoding=\"async\" data-testid=\"product-image\" alt=\"FM102W S\u00dcPER YAZILI BEYAZ PA\u00c7ALIK\" src=\"https:\/\/felipsotomotiv.com\/wp-content\/uploads\/2024\/12\/FM102W-300x300.jpg\"><\/a>\n\t\t\t\t<\/div>\n\n<h3 style=\"margin-bottom:0.75rem;margin-top:0;\" class=\"has-text-align-center wp-block-post-title has-medium-font-size\"><a href=\"https:\/\/felipsotomotiv.com\/index.php\/urun\/fm102w-super-yazili-beyaz-pacalik\/\" target=\"_self\" >FM102W S\u00dcPER YAZILI BEYAZ PA\u00c7ALIK<\/a><\/h3>\n\n<div data-block-name=\"woocommerce\/product-price\" data-is-descendent-of-query-loop=\"true\" data-text-align=\"center\" data-style=\"{&quot;spacing&quot;:{&quot;margin&quot;:{&quot;bottom&quot;:&quot;0.75rem&quot;,&quot;top&quot;:&quot;0&quot;}}}\" class=\"wc-block-components-product-price wc-block-grid__product-price has-text-align-center \" style=\"margin-bottom:0.75rem;margin-top:0;\">\n\t\t\t\t\t\n\t\t\t\t<\/div>\n\n<div data-block-name=\"woocommerce\/product-button\" data-is-descendent-of-query-loop=\"true\" data-text-align=\"center\" data-style=\"{&quot;spacing&quot;:{&quot;margin&quot;:{&quot;bottom&quot;:&quot;0.75rem&quot;,&quot;top&quot;:&quot;0&quot;}}}\" class=\"wp-block-button wc-block-components-product-button wc-block-grid__product-add-to-cart has-text-align-center\">\n\t\t\t\t\t<a href=\"https:\/\/felipsotomotiv.com\/index.php\/urun\/fm102w-super-yazili-beyaz-pacalik\/\" class=\"wp-block-button__link wc-block-components-product-button__button product_type_simple\" style=\"margin-bottom:0.75rem;margin-top:0;\" data-product_id=\"2378\" data-product_sku=\"\" aria-label=\"Read more about &ldquo;FM102W S\u00dcPER YAZILI BEYAZ PA\u00c7ALIK&rdquo;\" rel=\"nofollow\">Read more<\/a>\n\t\t\t\t<\/div>\n<\/li><li class=\"wp-block-post post-2382 product type-product status-publish has-post-thumbnail hentry product_cat-pacalik\">\n<div data-block-name=\"woocommerce\/product-image\" data-is-descendent-of-query-loop=\"true\" class=\"wc-block-components-product-image wc-block-grid__product-image\" style=\" \">\n\t\t\t\t\t<a href=\"https:\/\/felipsotomotiv.com\/index.php\/urun\/fm103b-king-of-the-road-yazili-siyah-pacalik\/\" style=\"\"> <img decoding=\"async\" data-testid=\"product-image\" alt=\"FM103B King of the Road YAZILI S\u0130YAH PA\u00c7ALIK\" src=\"https:\/\/felipsotomotiv.com\/wp-content\/uploads\/2024\/12\/FM103B-300x300.jpg\"><\/a>\n\t\t\t\t<\/div>\n\n<h3 style=\"margin-bottom:0.75rem;margin-top:0;\" class=\"has-text-align-center wp-block-post-title has-medium-font-size\"><a href=\"https:\/\/felipsotomotiv.com\/index.php\/urun\/fm103b-king-of-the-road-yazili-siyah-pacalik\/\" target=\"_self\" >FM103B King of the Road YAZILI S\u0130YAH PA\u00c7ALIK<\/a><\/h3>\n\n<div data-block-name=\"woocommerce\/product-price\" data-is-descendent-of-query-loop=\"true\" data-text-align=\"center\" data-style=\"{&quot;spacing&quot;:{&quot;margin&quot;:{&quot;bottom&quot;:&quot;0.75rem&quot;,&quot;top&quot;:&quot;0&quot;}}}\" class=\"wc-block-components-product-price wc-block-grid__product-price has-text-align-center \" style=\"margin-bottom:0.75rem;margin-top:0;\">\n\t\t\t\t\t\n\t\t\t\t<\/div>\n\n<div data-block-name=\"woocommerce\/product-button\" data-is-descendent-of-query-loop=\"true\" data-text-align=\"center\" data-style=\"{&quot;spacing&quot;:{&quot;margin&quot;:{&quot;bottom&quot;:&quot;0.75rem&quot;,&quot;top&quot;:&quot;0&quot;}}}\" class=\"wp-block-button wc-block-components-product-button wc-block-grid__product-add-to-cart has-text-align-center\">\n\t\t\t\t\t<a href=\"https:\/\/felipsotomotiv.com\/index.php\/urun\/fm103b-king-of-the-road-yazili-siyah-pacalik\/\" class=\"wp-block-button__link wc-block-components-product-button__button product_type_simple\" style=\"margin-bottom:0.75rem;margin-top:0;\" data-product_id=\"2382\" data-product_sku=\"\" aria-label=\"Read more about &ldquo;FM103B King of the Road YAZILI S\u0130YAH PA\u00c7ALIK&rdquo;\" rel=\"nofollow\">Read more<\/a>\n\t\t\t\t<\/div>\n<\/li><li class=\"wp-block-post post-2384 product type-product status-publish has-post-thumbnail hentry product_cat-pacalik\">\n<div data-block-name=\"woocommerce\/product-image\" data-is-descendent-of-query-loop=\"true\" class=\"wc-block-components-product-image wc-block-grid__product-image\" style=\" \">\n\t\t\t\t\t<a href=\"https:\/\/felipsotomotiv.com\/index.php\/urun\/fm103w-king-of-the-road-yazili-beyaz-pacalik\/\" style=\"\"> <img decoding=\"async\" data-testid=\"product-image\" alt=\"FM103W King of the Road YAZILI BEYAZ PA\u00c7ALIK\" src=\"https:\/\/felipsotomotiv.com\/wp-content\/uploads\/2024\/12\/FM103W-300x300.jpg\"><\/a>\n\t\t\t\t<\/div>\n\n<h3 style=\"margin-bottom:0.75rem;margin-top:0;\" class=\"has-text-align-center wp-block-post-title has-medium-font-size\"><a href=\"https:\/\/felipsotomotiv.com\/index.php\/urun\/fm103w-king-of-the-road-yazili-beyaz-pacalik\/\" target=\"_self\" >FM103W King of the Road YAZILI BEYAZ PA\u00c7ALIK<\/a><\/h3>\n\n<div data-block-name=\"woocommerce\/product-price\" data-is-descendent-of-query-loop=\"true\" data-text-align=\"center\" data-style=\"{&quot;spacing&quot;:{&quot;margin&quot;:{&quot;bottom&quot;:&quot;0.75rem&quot;,&quot;top&quot;:&quot;0&quot;}}}\" class=\"wc-block-components-product-price wc-block-grid__product-price has-text-align-center \" style=\"margin-bottom:0.75rem;margin-top:0;\">\n\t\t\t\t\t\n\t\t\t\t<\/div>\n\n<div data-block-name=\"woocommerce\/product-button\" data-is-descendent-of-query-loop=\"true\" data-text-align=\"center\" data-style=\"{&quot;spacing&quot;:{&quot;margin&quot;:{&quot;bottom&quot;:&quot;0.75rem&quot;,&quot;top&quot;:&quot;0&quot;}}}\" class=\"wp-block-button wc-block-components-product-button wc-block-grid__product-add-to-cart has-text-align-center\">\n\t\t\t\t\t<a href=\"https:\/\/felipsotomotiv.com\/index.php\/urun\/fm103w-king-of-the-road-yazili-beyaz-pacalik\/\" class=\"wp-block-button__link wc-block-components-product-button__button product_type_simple\" style=\"margin-bottom:0.75rem;margin-top:0;\" data-product_id=\"2384\" data-product_sku=\"\" aria-label=\"Read more about &ldquo;FM103W King of the Road YAZILI BEYAZ PA\u00c7ALIK&rdquo;\" rel=\"nofollow\">Read more<\/a>\n\t\t\t\t<\/div>\n<\/li><li class=\"wp-block-post post-2386 product type-product status-publish has-post-thumbnail hentry product_cat-pacalik\">\n<div data-block-name=\"woocommerce\/product-image\" data-is-descendent-of-query-loop=\"true\" class=\"wc-block-components-product-image wc-block-grid__product-image\" style=\" \">\n\t\t\t\t\t<a href=\"https:\/\/felipsotomotiv.com\/index.php\/urun\/fm111b-mercedes-benz-icin-siyah-pacalik\/\" style=\"\"> <img decoding=\"async\" data-testid=\"product-image\" alt=\"FM111B MERCEDES-BENZ \u0130\u00c7\u0130N S\u0130YAH PA\u00c7ALIK\" src=\"https:\/\/felipsotomotiv.com\/wp-content\/uploads\/2024\/12\/FM111B-1-300x300.jpg\"><\/a>\n\t\t\t\t<\/div>\n\n<h3 style=\"margin-bottom:0.75rem;margin-top:0;\" class=\"has-text-align-center wp-block-post-title has-medium-font-size\"><a href=\"https:\/\/felipsotomotiv.com\/index.php\/urun\/fm111b-mercedes-benz-icin-siyah-pacalik\/\" target=\"_self\" >FM111B MERCEDES-BENZ \u0130\u00c7\u0130N S\u0130YAH PA\u00c7ALIK<\/a><\/h3>\n\n<div data-block-name=\"woocommerce\/product-price\" data-is-descendent-of-query-loop=\"true\" data-text-align=\"center\" data-style=\"{&quot;spacing&quot;:{&quot;margin&quot;:{&quot;bottom&quot;:&quot;0.75rem&quot;,&quot;top&quot;:&quot;0&quot;}}}\" class=\"wc-block-components-product-price wc-block-grid__product-price has-text-align-center \" style=\"margin-bottom:0.75rem;margin-top:0;\">\n\t\t\t\t\t\n\t\t\t\t<\/div>\n\n<div data-block-name=\"woocommerce\/product-button\" data-is-descendent-of-query-loop=\"true\" data-text-align=\"center\" data-style=\"{&quot;spacing&quot;:{&quot;margin&quot;:{&quot;bottom&quot;:&quot;0.75rem&quot;,&quot;top&quot;:&quot;0&quot;}}}\" class=\"wp-block-button wc-block-components-product-button wc-block-grid__product-add-to-cart has-text-align-center\">\n\t\t\t\t\t<a href=\"https:\/\/felipsotomotiv.com\/index.php\/urun\/fm111b-mercedes-benz-icin-siyah-pacalik\/\" class=\"wp-block-button__link wc-block-components-product-button__button product_type_simple\" style=\"margin-bottom:0.75rem;margin-top:0;\" data-product_id=\"2386\" data-product_sku=\"\" aria-label=\"Read more about &ldquo;FM111B MERCEDES-BENZ \u0130\u00c7\u0130N S\u0130YAH PA\u00c7ALIK&rdquo;\" rel=\"nofollow\">Read more<\/a>\n\t\t\t\t<\/div>\n<\/li><li class=\"wp-block-post post-2389 product type-product status-publish has-post-thumbnail hentry product_cat-pacalik\">\n<div data-block-name=\"woocommerce\/product-image\" data-is-descendent-of-query-loop=\"true\" class=\"wc-block-components-product-image wc-block-grid__product-image\" style=\" \">\n\t\t\t\t\t<a href=\"https:\/\/felipsotomotiv.com\/index.php\/urun\/fm111w-mercedes-benz-icin-siyah-pacalik\/\" style=\"\"> <img decoding=\"async\" data-testid=\"product-image\" alt=\"FM111W MERCEDES-BENZ \u0130\u00c7\u0130N S\u0130YAH PA\u00c7ALIK\" src=\"https:\/\/felipsotomotiv.com\/wp-content\/uploads\/2024\/12\/FM111W-1-300x300.jpg\"><\/a>\n\t\t\t\t<\/div>\n\n<h3 style=\"margin-bottom:0.75rem;margin-top:0;\" class=\"has-text-align-center wp-block-post-title has-medium-font-size\"><a href=\"https:\/\/felipsotomotiv.com\/index.php\/urun\/fm111w-mercedes-benz-icin-siyah-pacalik\/\" target=\"_self\" >FM111W MERCEDES-BENZ \u0130\u00c7\u0130N S\u0130YAH PA\u00c7ALIK<\/a><\/h3>\n\n<div data-block-name=\"woocommerce\/product-price\" data-is-descendent-of-query-loop=\"true\" data-text-align=\"center\" data-style=\"{&quot;spacing&quot;:{&quot;margin&quot;:{&quot;bottom&quot;:&quot;0.75rem&quot;,&quot;top&quot;:&quot;0&quot;}}}\" class=\"wc-block-components-product-price wc-block-grid__product-price has-text-align-center \" style=\"margin-bottom:0.75rem;margin-top:0;\">\n\t\t\t\t\t\n\t\t\t\t<\/div>\n\n<div data-block-name=\"woocommerce\/product-button\" data-is-descendent-of-query-loop=\"true\" data-text-align=\"center\" data-style=\"{&quot;spacing&quot;:{&quot;margin&quot;:{&quot;bottom&quot;:&quot;0.75rem&quot;,&quot;top&quot;:&quot;0&quot;}}}\" class=\"wp-block-button wc-block-components-product-button wc-block-grid__product-add-to-cart has-text-align-center\">\n\t\t\t\t\t<a href=\"https:\/\/felipsotomotiv.com\/index.php\/urun\/fm111w-mercedes-benz-icin-siyah-pacalik\/\" class=\"wp-block-button__link wc-block-components-product-button__button product_type_simple\" style=\"margin-bottom:0.75rem;margin-top:0;\" data-product_id=\"2389\" data-product_sku=\"\" aria-label=\"Read more about &ldquo;FM111W MERCEDES-BENZ \u0130\u00c7\u0130N S\u0130YAH PA\u00c7ALIK&rdquo;\" rel=\"nofollow\">Read more<\/a>\n\t\t\t\t<\/div>\n<\/li><li class=\"wp-block-post post-2460 product type-product status-publish has-post-thumbnail hentry product_cat-pacalik\">\n<div data-block-name=\"woocommerce\/product-image\" data-is-descendent-of-query-loop=\"true\" class=\"wc-block-components-product-image wc-block-grid__product-image\" style=\" \">\n\t\t\t\t\t<a href=\"https:\/\/felipsotomotiv.com\/index.php\/urun\/fm112b-actros-siyah-pacalik\/\" style=\"\"> <img decoding=\"async\" data-testid=\"product-image\" alt=\"FM112B ACTROS \u0130\u00c7\u0130N S\u0130YAH PA\u00c7ALIK\" src=\"https:\/\/felipsotomotiv.com\/wp-content\/uploads\/2025\/02\/FME112B-300x300.jpg\"><\/a>\n\t\t\t\t<\/div>\n\n<h3 style=\"margin-bottom:0.75rem;margin-top:0;\" class=\"has-text-align-center wp-block-post-title has-medium-font-size\"><a href=\"https:\/\/felipsotomotiv.com\/index.php\/urun\/fm112b-actros-siyah-pacalik\/\" target=\"_self\" >FM112B ACTROS \u0130\u00c7\u0130N S\u0130YAH PA\u00c7ALIK<\/a><\/h3>\n\n<div data-block-name=\"woocommerce\/product-price\" data-is-descendent-of-query-loop=\"true\" data-text-align=\"center\" data-style=\"{&quot;spacing&quot;:{&quot;margin&quot;:{&quot;bottom&quot;:&quot;0.75rem&quot;,&quot;top&quot;:&quot;0&quot;}}}\" class=\"wc-block-components-product-price wc-block-grid__product-price has-text-align-center \" style=\"margin-bottom:0.75rem;margin-top:0;\">\n\t\t\t\t\t\n\t\t\t\t<\/div>\n\n<div data-block-name=\"woocommerce\/product-button\" data-is-descendent-of-query-loop=\"true\" data-text-align=\"center\" data-style=\"{&quot;spacing&quot;:{&quot;margin&quot;:{&quot;bottom&quot;:&quot;0.75rem&quot;,&quot;top&quot;:&quot;0&quot;}}}\" class=\"wp-block-button wc-block-components-product-button wc-block-grid__product-add-to-cart has-text-align-center\">\n\t\t\t\t\t<a href=\"https:\/\/felipsotomotiv.com\/index.php\/urun\/fm112b-actros-siyah-pacalik\/\" class=\"wp-block-button__link wc-block-components-product-button__button product_type_simple\" style=\"margin-bottom:0.75rem;margin-top:0;\" data-product_id=\"2460\" data-product_sku=\"\" aria-label=\"Read more about &ldquo;FM112B ACTROS \u0130\u00c7\u0130N S\u0130YAH PA\u00c7ALIK&rdquo;\" rel=\"nofollow\">Read more<\/a>\n\t\t\t\t<\/div>\n<\/li><\/ul><\/div>\n\n\n<nav class=\"wp-block-query-pagination is-content-justification-center is-layout-flex wp-container-core-query-pagination-is-layout-a89b3969 wp-block-query-pagination-is-layout-flex\" aria-label=\"Sayfalama\">\n\n\n<div class=\"wp-block-query-pagination-numbers\"><span aria-current=\"page\" class=\"page-numbers current\">1<\/span>\n<a class=\"page-numbers\" href=\"?query-53-page=2\">2<\/a>\n<a class=\"page-numbers\" href=\"?query-53-page=3\">3<\/a>\n<a class=\"page-numbers\" href=\"?query-53-page=4\">4<\/a><\/div>\n\n<a href=\"\/index.php\/wp-json\/wp\/v2\/pages\/2367?query-53-page=2\" class=\"wp-block-query-pagination-next\">Sonraki sayfa<\/a>\n<\/nav>\n\n<\/div>\n<\/div>\n<\/div>\n<\/div>\n<\/div>\n<\/div>\n<\/div>\n<\/div>\n","protected":false},"excerpt":{"rendered":"","protected":false},"author":1,"featured_media":0,"parent":0,"menu_order":0,"comment_status":"closed","ping_status":"closed","template":"","meta":{"footnotes":""},"class_list":["post-2367","page","type-page","status-publish","hentry"],"_links":{"self":[{"href":"https:\/\/felipsotomotiv.com\/index.php\/wp-json\/wp\/v2\/pages\/2367","targetHints":{"allow":["GET"]}}],"collection":[{"href":"https:\/\/felipsotomotiv.com\/index.php\/wp-json\/wp\/v2\/pages"}],"about":[{"href":"https:\/\/felipsotomotiv.com\/index.php\/wp-json\/wp\/v2\/types\/page"}],"author":[{"embeddable":true,"href":"https:\/\/felipsotomotiv.com\/index.php\/wp-json\/wp\/v2\/users\/1"}],"replies":[{"embeddable":true,"href":"https:\/\/felipsotomotiv.com\/index.php\/wp-json\/wp\/v2\/comments?post=2367"}],"version-history":[{"count":4,"href":"https:\/\/felipsotomotiv.com\/index.php\/wp-json\/wp\/v2\/pages\/2367\/revisions"}],"predecessor-version":[{"id":2400,"href":"https:\/\/felipsotomotiv.com\/index.php\/wp-json\/wp\/v2\/pages\/2367\/revisions\/2400"}],"wp:attachment":[{"href":"https:\/\/felipsotomotiv.com\/index.php\/wp-json\/wp\/v2\/media?parent=2367"}],"curies":[{"name":"wp","href":"https:\/\/api.w.org\/{rel}","templated":true}]}}