{"id":9,"date":"2024-04-20T23:21:36","date_gmt":"2024-04-20T20:21:36","guid":{"rendered":"http:\/\/felipsotomotiv.com\/?page_id=9"},"modified":"2024-04-22T19:55:07","modified_gmt":"2024-04-22T16:55:07","slug":"about","status":"publish","type":"page","link":"https:\/\/felipsotomotiv.com\/index.php\/about\/","title":{"rendered":"Hakk\u0131m\u0131zda"},"content":{"rendered":"\n<p class=\"has-medium-font-size\">Uzun y\u0131llard\u0131r \u00fcretti\u011fimiz paslanmaz \u00e7elik t\u0131r aksesuarlar\u0131n\u0131, sekt\u00f6rde edindi\u011fimiz tecr\u00fcbelerle yeni markam\u0131z Felips Otomotiv ile d\u00fcnyaya sa\u011fl\u0131yoruz. Paslanmaz \u00e7elik aksesuarlar \u00fcreterek ba\u015flad\u0131\u011f\u0131m\u0131z ser\u00fcvenimize; sekt\u00f6rde edindi\u011fimiz teknik bilgi, birikim ve becerilerimizi yeni \u00fcretim altyap\u0131s\u0131 ile birle\u015ftirip, plastik ve fiber aksesuarlar da ekleyerek, m\u00fc\u015fterilerimizin ihtiya\u00e7lar\u0131n\u0131 daha geni\u015f alanda kar\u015f\u0131lamakta kararl\u0131y\u0131z.<\/p>\n\n\n\n<p class=\"has-medium-font-size\"><br>T\u00fcrkiye Bursa \u00fcretim tesisimizden ve Macaristan Budape\u015fte depomuzdan, yurti\u00e7inde ve yurt d\u0131\u015f\u0131nda m\u00fc\u015fterilerimizin isteklerine en h\u0131zl\u0131 \u015fekilde tam cevap vermekten gurur duyuyoruz. Y\u00fcksek kaliteli paslanmaz \u00e7elik, plastik, fiber \u00fcr\u00fcnlerimiz ile d\u00fcnyan\u0131n her b\u00f6lgesinde t\u0131r sahiplerine ara\u00e7lar\u0131n\u0131 ki\u015file\u015ftirme imk\u00e2n\u0131 sunarak m\u00fc\u015fterilerimizin daha mutlu olmalar\u0131n\u0131 sa\u011fl\u0131yoruz.<\/p>\n\n\n\n<div style=\"height:100px\" aria-hidden=\"true\" class=\"wp-block-spacer\"><\/div>\n","protected":false},"excerpt":{"rendered":"<p>Uzun y\u0131llard\u0131r \u00fcretti\u011fimiz paslanmaz \u00e7elik t\u0131r aksesuarlar\u0131n\u0131, sekt\u00f6rde edindi\u011fimiz tecr\u00fcbelerle yeni markam\u0131z Felips Otomotiv ile d\u00fcnyaya sa\u011fl\u0131yoruz. Paslanmaz \u00e7elik aksesuarlar \u00fcreterek ba\u015flad\u0131\u011f\u0131m\u0131z ser\u00fcvenimize; sekt\u00f6rde edindi\u011fimiz teknik bilgi, birikim ve becerilerimizi yeni \u00fcretim altyap\u0131s\u0131 ile birle\u015ftirip, plastik ve fiber aksesuarlar da ekleyerek, m\u00fc\u015fterilerimizin ihtiya\u00e7lar\u0131n\u0131 daha geni\u015f alanda kar\u015f\u0131lamakta kararl\u0131y\u0131z. T\u00fcrkiye Bursa \u00fcretim tesisimizden ve Macaristan Budape\u015fte &hellip; <\/p>\n<p class=\"link-more\"><a href=\"https:\/\/felipsotomotiv.com\/index.php\/about\/\" class=\"more-link\"><span class=\"screen-reader-text\"> &#8220;Hakk\u0131m\u0131zda&#8221;<\/span>devam\u0131n\u0131 oku<\/a><\/p>\n","protected":false},"author":1,"featured_media":0,"parent":0,"menu_order":0,"comment_status":"closed","ping_status":"closed","template":"","meta":{"footnotes":""},"class_list":["post-9","page","type-page","status-publish","hentry"],"_links":{"self":[{"href":"https:\/\/felipsotomotiv.com\/index.php\/wp-json\/wp\/v2\/pages\/9","targetHints":{"allow":["GET"]}}],"collection":[{"href":"https:\/\/felipsotomotiv.com\/index.php\/wp-json\/wp\/v2\/pages"}],"about":[{"href":"https:\/\/felipsotomotiv.com\/index.php\/wp-json\/wp\/v2\/types\/page"}],"author":[{"embeddable":true,"href":"https:\/\/felipsotomotiv.com\/index.php\/wp-json\/wp\/v2\/users\/1"}],"replies":[{"embeddable":true,"href":"https:\/\/felipsotomotiv.com\/index.php\/wp-json\/wp\/v2\/comments?post=9"}],"version-history":[{"count":6,"href":"https:\/\/felipsotomotiv.com\/index.php\/wp-json\/wp\/v2\/pages\/9\/revisions"}],"predecessor-version":[{"id":1377,"href":"https:\/\/felipsotomotiv.com\/index.php\/wp-json\/wp\/v2\/pages\/9\/revisions\/1377"}],"wp:attachment":[{"href":"https:\/\/felipsotomotiv.com\/index.php\/wp-json\/wp\/v2\/media?parent=9"}],"curies":[{"name":"wp","href":"https:\/\/api.w.org\/{rel}","templated":true}]}}