{"id":1002,"date":"2024-04-21T17:21:40","date_gmt":"2024-04-21T14:21:40","guid":{"rendered":"http:\/\/felipsotomotiv.com\/?post_type=product&#038;p=1002"},"modified":"2024-07-11T15:43:41","modified_gmt":"2024-07-11T12:43:41","slug":"kapi-onu-direk-kromu-fvo237","status":"publish","type":"product","link":"https:\/\/felipsotomotiv.com\/index.php\/urun\/kapi-onu-direk-kromu-fvo237\/","title":{"rendered":"FVO237 VOLVO \u0130\u00c7\u0130N KAPI \u00d6N\u00dc D\u0130REK KROMU FH4 \/ 2013+"},"content":{"rendered":"","protected":false},"excerpt":{"rendered":"","protected":false},"featured_media":1851,"comment_status":"open","ping_status":"closed","template":"","meta":[],"product_cat":[28],"product_tag":[],"class_list":["post-1002","product","type-product","status-publish","has-post-thumbnail","hentry","product_cat-fh4-fh5"],"_links":{"self":[{"href":"https:\/\/felipsotomotiv.com\/index.php\/wp-json\/wp\/v3\/product\/1002","targetHints":{"allow":["GET"]}}],"collection":[{"href":"https:\/\/felipsotomotiv.com\/index.php\/wp-json\/wp\/v3\/product"}],"about":[{"href":"https:\/\/felipsotomotiv.com\/index.php\/wp-json\/wp\/v2\/types\/product"}],"replies":[{"embeddable":true,"href":"https:\/\/felipsotomotiv.com\/index.php\/wp-json\/wp\/v2\/comments?post=1002"}],"wp:featuredmedia":[{"embeddable":true,"href":"https:\/\/felipsotomotiv.com\/index.php\/wp-json\/wp\/v2\/media\/1851"}],"wp:attachment":[{"href":"https:\/\/felipsotomotiv.com\/index.php\/wp-json\/wp\/v2\/media?parent=1002"}],"wp:term":[{"taxonomy":"product_cat","embeddable":true,"href":"https:\/\/felipsotomotiv.com\/index.php\/wp-json\/wp\/v2\/product_cat?post=1002"},{"taxonomy":"product_tag","embeddable":true,"href":"https:\/\/felipsotomotiv.com\/index.php\/wp-json\/wp\/v2\/product_tag?post=1002"}],"curies":[{"name":"wp","href":"https:\/\/api.w.org\/{rel}","templated":true}]}}