{"id":1003,"date":"2024-04-21T17:21:43","date_gmt":"2024-04-21T14:21:43","guid":{"rendered":"http:\/\/felipsotomotiv.com\/?post_type=product&#038;p=1003"},"modified":"2024-07-03T11:15:38","modified_gmt":"2024-07-03T08:15:38","slug":"kapi-kolu-etrafi-kromu-m2-fsc136","status":"publish","type":"product","link":"https:\/\/felipsotomotiv.com\/index.php\/urun\/kapi-kolu-etrafi-kromu-m2-fsc136\/","title":{"rendered":"FSC136 SCAN\u0130A \u0130\u00c7\u0130N KAPI KOLU ETRAFI KROMU M2 STREAML\u0130NE"},"content":{"rendered":"","protected":false},"excerpt":{"rendered":"<p>1998-2016<\/p>\n","protected":false},"featured_media":1568,"comment_status":"open","ping_status":"closed","template":"","meta":[],"product_cat":[21],"product_tag":[],"class_list":["post-1003","product","type-product","status-publish","has-post-thumbnail","hentry","product_cat-streamline"],"_links":{"self":[{"href":"https:\/\/felipsotomotiv.com\/index.php\/wp-json\/wp\/v3\/product\/1003","targetHints":{"allow":["GET"]}}],"collection":[{"href":"https:\/\/felipsotomotiv.com\/index.php\/wp-json\/wp\/v3\/product"}],"about":[{"href":"https:\/\/felipsotomotiv.com\/index.php\/wp-json\/wp\/v2\/types\/product"}],"replies":[{"embeddable":true,"href":"https:\/\/felipsotomotiv.com\/index.php\/wp-json\/wp\/v2\/comments?post=1003"}],"wp:featuredmedia":[{"embeddable":true,"href":"https:\/\/felipsotomotiv.com\/index.php\/wp-json\/wp\/v2\/media\/1568"}],"wp:attachment":[{"href":"https:\/\/felipsotomotiv.com\/index.php\/wp-json\/wp\/v2\/media?parent=1003"}],"wp:term":[{"taxonomy":"product_cat","embeddable":true,"href":"https:\/\/felipsotomotiv.com\/index.php\/wp-json\/wp\/v2\/product_cat?post=1003"},{"taxonomy":"product_tag","embeddable":true,"href":"https:\/\/felipsotomotiv.com\/index.php\/wp-json\/wp\/v2\/product_tag?post=1003"}],"curies":[{"name":"wp","href":"https:\/\/api.w.org\/{rel}","templated":true}]}}