{"id":1127,"date":"2024-04-21T18:04:51","date_gmt":"2024-04-21T15:04:51","guid":{"rendered":"http:\/\/felipsotomotiv.com\/?post_type=product&#038;p=1127"},"modified":"2024-07-03T14:45:59","modified_gmt":"2024-07-03T11:45:59","slug":"m2-gogus-yazi-kromu-fsc166","status":"publish","type":"product","link":"https:\/\/felipsotomotiv.com\/index.php\/urun\/m2-gogus-yazi-kromu-fsc166\/","title":{"rendered":"FSC166 SCAN\u0130A \u0130\u00c7\u0130N M2 G\u00d6G\u00dcS YAZI KROMU (PRESL\u0130) STREAML\u0130NE"},"content":{"rendered":"","protected":false},"excerpt":{"rendered":"<p>2004-2009<\/p>\n","protected":false},"featured_media":1602,"comment_status":"open","ping_status":"closed","template":"","meta":[],"product_cat":[21],"product_tag":[],"class_list":["post-1127","product","type-product","status-publish","has-post-thumbnail","hentry","product_cat-streamline"],"_links":{"self":[{"href":"https:\/\/felipsotomotiv.com\/index.php\/wp-json\/wp\/v3\/product\/1127","targetHints":{"allow":["GET"]}}],"collection":[{"href":"https:\/\/felipsotomotiv.com\/index.php\/wp-json\/wp\/v3\/product"}],"about":[{"href":"https:\/\/felipsotomotiv.com\/index.php\/wp-json\/wp\/v2\/types\/product"}],"replies":[{"embeddable":true,"href":"https:\/\/felipsotomotiv.com\/index.php\/wp-json\/wp\/v2\/comments?post=1127"}],"wp:featuredmedia":[{"embeddable":true,"href":"https:\/\/felipsotomotiv.com\/index.php\/wp-json\/wp\/v2\/media\/1602"}],"wp:attachment":[{"href":"https:\/\/felipsotomotiv.com\/index.php\/wp-json\/wp\/v2\/media?parent=1127"}],"wp:term":[{"taxonomy":"product_cat","embeddable":true,"href":"https:\/\/felipsotomotiv.com\/index.php\/wp-json\/wp\/v2\/product_cat?post=1127"},{"taxonomy":"product_tag","embeddable":true,"href":"https:\/\/felipsotomotiv.com\/index.php\/wp-json\/wp\/v2\/product_tag?post=1127"}],"curies":[{"name":"wp","href":"https:\/\/api.w.org\/{rel}","templated":true}]}}