{"id":1129,"date":"2024-04-21T18:05:34","date_gmt":"2024-04-21T15:05:34","guid":{"rendered":"http:\/\/felipsotomotiv.com\/?post_type=product&#038;p=1129"},"modified":"2024-07-03T14:45:57","modified_gmt":"2024-07-03T11:45:57","slug":"m3-gogus-yazi-kromu-fsc167","status":"publish","type":"product","link":"https:\/\/felipsotomotiv.com\/index.php\/urun\/m3-gogus-yazi-kromu-fsc167\/","title":{"rendered":"FSC167 M3 G\u00d6G\u00dcS YAZI KROMU STREAML\u0130NE"},"content":{"rendered":"","protected":false},"excerpt":{"rendered":"<p>2009-2016<\/p>\n","protected":false},"featured_media":1603,"comment_status":"open","ping_status":"closed","template":"","meta":[],"product_cat":[21],"product_tag":[],"class_list":["post-1129","product","type-product","status-publish","has-post-thumbnail","hentry","product_cat-streamline"],"_links":{"self":[{"href":"https:\/\/felipsotomotiv.com\/index.php\/wp-json\/wp\/v3\/product\/1129","targetHints":{"allow":["GET"]}}],"collection":[{"href":"https:\/\/felipsotomotiv.com\/index.php\/wp-json\/wp\/v3\/product"}],"about":[{"href":"https:\/\/felipsotomotiv.com\/index.php\/wp-json\/wp\/v2\/types\/product"}],"replies":[{"embeddable":true,"href":"https:\/\/felipsotomotiv.com\/index.php\/wp-json\/wp\/v2\/comments?post=1129"}],"wp:featuredmedia":[{"embeddable":true,"href":"https:\/\/felipsotomotiv.com\/index.php\/wp-json\/wp\/v2\/media\/1603"}],"wp:attachment":[{"href":"https:\/\/felipsotomotiv.com\/index.php\/wp-json\/wp\/v2\/media?parent=1129"}],"wp:term":[{"taxonomy":"product_cat","embeddable":true,"href":"https:\/\/felipsotomotiv.com\/index.php\/wp-json\/wp\/v2\/product_cat?post=1129"},{"taxonomy":"product_tag","embeddable":true,"href":"https:\/\/felipsotomotiv.com\/index.php\/wp-json\/wp\/v2\/product_tag?post=1129"}],"curies":[{"name":"wp","href":"https:\/\/api.w.org\/{rel}","templated":true}]}}