{"id":1136,"date":"2024-04-21T18:07:12","date_gmt":"2024-04-21T15:07:12","guid":{"rendered":"http:\/\/felipsotomotiv.com\/?post_type=product&#038;p=1136"},"modified":"2024-07-03T15:19:30","modified_gmt":"2024-07-03T12:19:30","slug":"m2-gogus-yazi-kromu-fsc169","status":"publish","type":"product","link":"https:\/\/felipsotomotiv.com\/index.php\/urun\/m2-gogus-yazi-kromu-fsc169\/","title":{"rendered":"FSC169 SCAN\u0130A \u0130\u00c7\u0130N M2 G\u00d6G\u00dcS YAZI KROMU STREAM\u0130L\u0130NE"},"content":{"rendered":"","protected":false},"excerpt":{"rendered":"<p>2004-2009<\/p>\n","protected":false},"featured_media":1605,"comment_status":"open","ping_status":"closed","template":"","meta":[],"product_cat":[21],"product_tag":[],"class_list":["post-1136","product","type-product","status-publish","has-post-thumbnail","hentry","product_cat-streamline"],"_links":{"self":[{"href":"https:\/\/felipsotomotiv.com\/index.php\/wp-json\/wp\/v3\/product\/1136","targetHints":{"allow":["GET"]}}],"collection":[{"href":"https:\/\/felipsotomotiv.com\/index.php\/wp-json\/wp\/v3\/product"}],"about":[{"href":"https:\/\/felipsotomotiv.com\/index.php\/wp-json\/wp\/v2\/types\/product"}],"replies":[{"embeddable":true,"href":"https:\/\/felipsotomotiv.com\/index.php\/wp-json\/wp\/v2\/comments?post=1136"}],"wp:featuredmedia":[{"embeddable":true,"href":"https:\/\/felipsotomotiv.com\/index.php\/wp-json\/wp\/v2\/media\/1605"}],"wp:attachment":[{"href":"https:\/\/felipsotomotiv.com\/index.php\/wp-json\/wp\/v2\/media?parent=1136"}],"wp:term":[{"taxonomy":"product_cat","embeddable":true,"href":"https:\/\/felipsotomotiv.com\/index.php\/wp-json\/wp\/v2\/product_cat?post=1136"},{"taxonomy":"product_tag","embeddable":true,"href":"https:\/\/felipsotomotiv.com\/index.php\/wp-json\/wp\/v2\/product_tag?post=1136"}],"curies":[{"name":"wp","href":"https:\/\/api.w.org\/{rel}","templated":true}]}}