{"id":1144,"date":"2024-04-21T18:08:56","date_gmt":"2024-04-21T15:08:56","guid":{"rendered":"http:\/\/felipsotomotiv.com\/?post_type=product&#038;p=1144"},"modified":"2025-03-14T06:48:05","modified_gmt":"2025-03-14T03:48:05","slug":"kapi-esik-yan-kromu-fnsc106","status":"publish","type":"product","link":"https:\/\/felipsotomotiv.com\/index.php\/urun\/kapi-esik-yan-kromu-fnsc106\/","title":{"rendered":"FNSC106 SCAN\u0130A \u0130\u00c7\u0130N KAPI E\u015e\u0130K YAN KROMU (PRESL\u0130) NG SC S\/R"},"content":{"rendered":"","protected":false},"excerpt":{"rendered":"<p class=\"p1\">NG SC S\/R<\/p>\n","protected":false},"featured_media":2099,"comment_status":"open","ping_status":"closed","template":"","meta":[],"product_cat":[40],"product_tag":[],"class_list":["post-1144","product","type-product","status-publish","has-post-thumbnail","hentry","product_cat-scania-ic-mekan-aksesuarlari"],"_links":{"self":[{"href":"https:\/\/felipsotomotiv.com\/index.php\/wp-json\/wp\/v3\/product\/1144","targetHints":{"allow":["GET"]}}],"collection":[{"href":"https:\/\/felipsotomotiv.com\/index.php\/wp-json\/wp\/v3\/product"}],"about":[{"href":"https:\/\/felipsotomotiv.com\/index.php\/wp-json\/wp\/v2\/types\/product"}],"replies":[{"embeddable":true,"href":"https:\/\/felipsotomotiv.com\/index.php\/wp-json\/wp\/v2\/comments?post=1144"}],"wp:featuredmedia":[{"embeddable":true,"href":"https:\/\/felipsotomotiv.com\/index.php\/wp-json\/wp\/v2\/media\/2099"}],"wp:attachment":[{"href":"https:\/\/felipsotomotiv.com\/index.php\/wp-json\/wp\/v2\/media?parent=1144"}],"wp:term":[{"taxonomy":"product_cat","embeddable":true,"href":"https:\/\/felipsotomotiv.com\/index.php\/wp-json\/wp\/v2\/product_cat?post=1144"},{"taxonomy":"product_tag","embeddable":true,"href":"https:\/\/felipsotomotiv.com\/index.php\/wp-json\/wp\/v2\/product_tag?post=1144"}],"curies":[{"name":"wp","href":"https:\/\/api.w.org\/{rel}","templated":true}]}}