{"id":1154,"date":"2024-04-21T18:10:50","date_gmt":"2024-04-21T15:10:50","guid":{"rendered":"http:\/\/felipsotomotiv.com\/?post_type=product&#038;p=1154"},"modified":"2024-07-19T13:21:53","modified_gmt":"2024-07-19T10:21:53","slug":"kapi-alt-citasi-fnsc108","status":"publish","type":"product","link":"https:\/\/felipsotomotiv.com\/index.php\/urun\/kapi-alt-citasi-fnsc108\/","title":{"rendered":"FNSC108 SCAN\u0130A \u0130\u00c7\u0130N KAPI ALT \u00c7ITASI (PRESL\u0130) NG SC S\/R"},"content":{"rendered":"","protected":false},"excerpt":{"rendered":"<p class=\"p1\">NG SC S\/R<\/p>\n","protected":false},"featured_media":2101,"comment_status":"open","ping_status":"closed","template":"","meta":[],"product_cat":[40],"product_tag":[],"class_list":["post-1154","product","type-product","status-publish","has-post-thumbnail","hentry","product_cat-scania-ic-mekan-aksesuarlari"],"_links":{"self":[{"href":"https:\/\/felipsotomotiv.com\/index.php\/wp-json\/wp\/v3\/product\/1154","targetHints":{"allow":["GET"]}}],"collection":[{"href":"https:\/\/felipsotomotiv.com\/index.php\/wp-json\/wp\/v3\/product"}],"about":[{"href":"https:\/\/felipsotomotiv.com\/index.php\/wp-json\/wp\/v2\/types\/product"}],"replies":[{"embeddable":true,"href":"https:\/\/felipsotomotiv.com\/index.php\/wp-json\/wp\/v2\/comments?post=1154"}],"wp:featuredmedia":[{"embeddable":true,"href":"https:\/\/felipsotomotiv.com\/index.php\/wp-json\/wp\/v2\/media\/2101"}],"wp:attachment":[{"href":"https:\/\/felipsotomotiv.com\/index.php\/wp-json\/wp\/v2\/media?parent=1154"}],"wp:term":[{"taxonomy":"product_cat","embeddable":true,"href":"https:\/\/felipsotomotiv.com\/index.php\/wp-json\/wp\/v2\/product_cat?post=1154"},{"taxonomy":"product_tag","embeddable":true,"href":"https:\/\/felipsotomotiv.com\/index.php\/wp-json\/wp\/v2\/product_tag?post=1154"}],"curies":[{"name":"wp","href":"https:\/\/api.w.org\/{rel}","templated":true}]}}