{"id":1192,"date":"2024-04-21T18:21:33","date_gmt":"2024-04-21T15:21:33","guid":{"rendered":"http:\/\/felipsotomotiv.com\/?post_type=product&#038;p=1192"},"modified":"2024-07-04T08:41:46","modified_gmt":"2024-07-04T05:41:46","slug":"panjur-ustu-havalandirma-kromu-fsc189","status":"publish","type":"product","link":"https:\/\/felipsotomotiv.com\/index.php\/urun\/panjur-ustu-havalandirma-kromu-fsc189\/","title":{"rendered":"FSC189  SCAN\u0130A \u0130\u00c7\u0130N PANJUR \u00dcST\u00dc HAVALANDIRMA KROMU STREAML\u0130NE"},"content":{"rendered":"","protected":false},"excerpt":{"rendered":"<p>2009-2016<\/p>\n","protected":false},"featured_media":1621,"comment_status":"open","ping_status":"closed","template":"","meta":[],"product_cat":[21],"product_tag":[],"class_list":["post-1192","product","type-product","status-publish","has-post-thumbnail","hentry","product_cat-streamline"],"_links":{"self":[{"href":"https:\/\/felipsotomotiv.com\/index.php\/wp-json\/wp\/v3\/product\/1192","targetHints":{"allow":["GET"]}}],"collection":[{"href":"https:\/\/felipsotomotiv.com\/index.php\/wp-json\/wp\/v3\/product"}],"about":[{"href":"https:\/\/felipsotomotiv.com\/index.php\/wp-json\/wp\/v2\/types\/product"}],"replies":[{"embeddable":true,"href":"https:\/\/felipsotomotiv.com\/index.php\/wp-json\/wp\/v2\/comments?post=1192"}],"wp:featuredmedia":[{"embeddable":true,"href":"https:\/\/felipsotomotiv.com\/index.php\/wp-json\/wp\/v2\/media\/1621"}],"wp:attachment":[{"href":"https:\/\/felipsotomotiv.com\/index.php\/wp-json\/wp\/v2\/media?parent=1192"}],"wp:term":[{"taxonomy":"product_cat","embeddable":true,"href":"https:\/\/felipsotomotiv.com\/index.php\/wp-json\/wp\/v2\/product_cat?post=1192"},{"taxonomy":"product_tag","embeddable":true,"href":"https:\/\/felipsotomotiv.com\/index.php\/wp-json\/wp\/v2\/product_tag?post=1192"}],"curies":[{"name":"wp","href":"https:\/\/api.w.org\/{rel}","templated":true}]}}