{"id":1217,"date":"2024-04-21T18:42:23","date_gmt":"2024-04-21T15:42:23","guid":{"rendered":"http:\/\/felipsotomotiv.com\/?post_type=product&#038;p=1217"},"modified":"2024-07-04T10:07:16","modified_gmt":"2024-07-04T07:07:16","slug":"sineklik-kromu-m2-fsc253","status":"publish","type":"product","link":"https:\/\/felipsotomotiv.com\/index.php\/urun\/sineklik-kromu-m2-fsc253\/","title":{"rendered":"FSC253 SCAN\u0130A \u0130\u00c7\u0130N S\u0130NEKL\u0130K KROMU M2  S\/R 2016+"},"content":{"rendered":"","protected":false},"excerpt":{"rendered":"<p>NG SC \/ R-450<\/p>\n","protected":false},"featured_media":1631,"comment_status":"open","ping_status":"closed","template":"","meta":[],"product_cat":[22],"product_tag":[],"class_list":["post-1217","product","type-product","status-publish","has-post-thumbnail","hentry","product_cat-s-r-2016"],"_links":{"self":[{"href":"https:\/\/felipsotomotiv.com\/index.php\/wp-json\/wp\/v3\/product\/1217","targetHints":{"allow":["GET"]}}],"collection":[{"href":"https:\/\/felipsotomotiv.com\/index.php\/wp-json\/wp\/v3\/product"}],"about":[{"href":"https:\/\/felipsotomotiv.com\/index.php\/wp-json\/wp\/v2\/types\/product"}],"replies":[{"embeddable":true,"href":"https:\/\/felipsotomotiv.com\/index.php\/wp-json\/wp\/v2\/comments?post=1217"}],"wp:featuredmedia":[{"embeddable":true,"href":"https:\/\/felipsotomotiv.com\/index.php\/wp-json\/wp\/v2\/media\/1631"}],"wp:attachment":[{"href":"https:\/\/felipsotomotiv.com\/index.php\/wp-json\/wp\/v2\/media?parent=1217"}],"wp:term":[{"taxonomy":"product_cat","embeddable":true,"href":"https:\/\/felipsotomotiv.com\/index.php\/wp-json\/wp\/v2\/product_cat?post=1217"},{"taxonomy":"product_tag","embeddable":true,"href":"https:\/\/felipsotomotiv.com\/index.php\/wp-json\/wp\/v2\/product_tag?post=1217"}],"curies":[{"name":"wp","href":"https:\/\/api.w.org\/{rel}","templated":true}]}}