{"id":1245,"date":"2024-04-21T18:50:20","date_gmt":"2024-04-21T15:50:20","guid":{"rendered":"http:\/\/felipsotomotiv.com\/?post_type=product&#038;p=1245"},"modified":"2024-07-04T13:37:05","modified_gmt":"2024-07-04T10:37:05","slug":"ince-panjur-cita-kromu-fsc265","status":"publish","type":"product","link":"https:\/\/felipsotomotiv.com\/index.php\/urun\/ince-panjur-cita-kromu-fsc265\/","title":{"rendered":"FSC265 SCAN\u0130A \u0130\u00c7\u0130N \u0130NCE PANJUR \u00c7ITA KROMU  S\/R 2016+"},"content":{"rendered":"","protected":false},"excerpt":{"rendered":"<p>NG SC S\/R<\/p>\n","protected":false},"featured_media":1641,"comment_status":"open","ping_status":"closed","template":"","meta":[],"product_cat":[22],"product_tag":[],"class_list":["post-1245","product","type-product","status-publish","has-post-thumbnail","hentry","product_cat-s-r-2016"],"_links":{"self":[{"href":"https:\/\/felipsotomotiv.com\/index.php\/wp-json\/wp\/v3\/product\/1245","targetHints":{"allow":["GET"]}}],"collection":[{"href":"https:\/\/felipsotomotiv.com\/index.php\/wp-json\/wp\/v3\/product"}],"about":[{"href":"https:\/\/felipsotomotiv.com\/index.php\/wp-json\/wp\/v2\/types\/product"}],"replies":[{"embeddable":true,"href":"https:\/\/felipsotomotiv.com\/index.php\/wp-json\/wp\/v2\/comments?post=1245"}],"wp:featuredmedia":[{"embeddable":true,"href":"https:\/\/felipsotomotiv.com\/index.php\/wp-json\/wp\/v2\/media\/1641"}],"wp:attachment":[{"href":"https:\/\/felipsotomotiv.com\/index.php\/wp-json\/wp\/v2\/media?parent=1245"}],"wp:term":[{"taxonomy":"product_cat","embeddable":true,"href":"https:\/\/felipsotomotiv.com\/index.php\/wp-json\/wp\/v2\/product_cat?post=1245"},{"taxonomy":"product_tag","embeddable":true,"href":"https:\/\/felipsotomotiv.com\/index.php\/wp-json\/wp\/v2\/product_tag?post=1245"}],"curies":[{"name":"wp","href":"https:\/\/api.w.org\/{rel}","templated":true}]}}