{"id":125,"date":"2024-04-21T01:44:12","date_gmt":"2024-04-20T22:44:12","guid":{"rendered":"http:\/\/felipsotomotiv.com\/?post_type=product&#038;p=125"},"modified":"2024-07-12T09:59:00","modified_gmt":"2024-07-12T06:59:00","slug":"cf-85fdf103","status":"publish","type":"product","link":"https:\/\/felipsotomotiv.com\/index.php\/urun\/cf-85fdf103\/","title":{"rendered":"FDF103 DAF \u0130\u00c7\u0130N G\u00dcNE\u015eL\u0130K KROMU XF\/CF"},"content":{"rendered":"","protected":false},"excerpt":{"rendered":"","protected":false},"featured_media":1865,"comment_status":"open","ping_status":"closed","template":"","meta":[],"product_cat":[29],"product_tag":[],"class_list":["post-125","product","type-product","status-publish","has-post-thumbnail","hentry","product_cat-xf-cf"],"_links":{"self":[{"href":"https:\/\/felipsotomotiv.com\/index.php\/wp-json\/wp\/v3\/product\/125","targetHints":{"allow":["GET"]}}],"collection":[{"href":"https:\/\/felipsotomotiv.com\/index.php\/wp-json\/wp\/v3\/product"}],"about":[{"href":"https:\/\/felipsotomotiv.com\/index.php\/wp-json\/wp\/v2\/types\/product"}],"replies":[{"embeddable":true,"href":"https:\/\/felipsotomotiv.com\/index.php\/wp-json\/wp\/v2\/comments?post=125"}],"wp:featuredmedia":[{"embeddable":true,"href":"https:\/\/felipsotomotiv.com\/index.php\/wp-json\/wp\/v2\/media\/1865"}],"wp:attachment":[{"href":"https:\/\/felipsotomotiv.com\/index.php\/wp-json\/wp\/v2\/media?parent=125"}],"wp:term":[{"taxonomy":"product_cat","embeddable":true,"href":"https:\/\/felipsotomotiv.com\/index.php\/wp-json\/wp\/v2\/product_cat?post=125"},{"taxonomy":"product_tag","embeddable":true,"href":"https:\/\/felipsotomotiv.com\/index.php\/wp-json\/wp\/v2\/product_tag?post=125"}],"curies":[{"name":"wp","href":"https:\/\/api.w.org\/{rel}","templated":true}]}}