{"id":1268,"date":"2024-04-21T18:56:45","date_gmt":"2024-04-21T15:56:45","guid":{"rendered":"http:\/\/felipsotomotiv.com\/?post_type=product&#038;p=1268"},"modified":"2024-07-04T16:44:47","modified_gmt":"2024-07-04T13:44:47","slug":"kapi-kolu-etrafi-kromu-t1-fsc276","status":"publish","type":"product","link":"https:\/\/felipsotomotiv.com\/index.php\/urun\/kapi-kolu-etrafi-kromu-t1-fsc276\/","title":{"rendered":"FSC276 SCAN\u0130A \u0130\u00c7\u0130N KAPI KOLU ETRAFI KROMU T1  S\/R 2016+"},"content":{"rendered":"","protected":false},"excerpt":{"rendered":"<p>NG SC S\/R<\/p>\n","protected":false},"featured_media":1652,"comment_status":"open","ping_status":"closed","template":"","meta":[],"product_cat":[22],"product_tag":[],"class_list":["post-1268","product","type-product","status-publish","has-post-thumbnail","hentry","product_cat-s-r-2016"],"_links":{"self":[{"href":"https:\/\/felipsotomotiv.com\/index.php\/wp-json\/wp\/v3\/product\/1268","targetHints":{"allow":["GET"]}}],"collection":[{"href":"https:\/\/felipsotomotiv.com\/index.php\/wp-json\/wp\/v3\/product"}],"about":[{"href":"https:\/\/felipsotomotiv.com\/index.php\/wp-json\/wp\/v2\/types\/product"}],"replies":[{"embeddable":true,"href":"https:\/\/felipsotomotiv.com\/index.php\/wp-json\/wp\/v2\/comments?post=1268"}],"wp:featuredmedia":[{"embeddable":true,"href":"https:\/\/felipsotomotiv.com\/index.php\/wp-json\/wp\/v2\/media\/1652"}],"wp:attachment":[{"href":"https:\/\/felipsotomotiv.com\/index.php\/wp-json\/wp\/v2\/media?parent=1268"}],"wp:term":[{"taxonomy":"product_cat","embeddable":true,"href":"https:\/\/felipsotomotiv.com\/index.php\/wp-json\/wp\/v2\/product_cat?post=1268"},{"taxonomy":"product_tag","embeddable":true,"href":"https:\/\/felipsotomotiv.com\/index.php\/wp-json\/wp\/v2\/product_tag?post=1268"}],"curies":[{"name":"wp","href":"https:\/\/api.w.org\/{rel}","templated":true}]}}