{"id":1283,"date":"2024-04-21T19:00:27","date_gmt":"2024-04-21T16:00:27","guid":{"rendered":"http:\/\/felipsotomotiv.com\/?post_type=product&#038;p=1283"},"modified":"2024-07-05T09:08:37","modified_gmt":"2024-07-05T06:08:37","slug":"yatak-cami-etrafi-kromu-fsc283","status":"publish","type":"product","link":"https:\/\/felipsotomotiv.com\/index.php\/urun\/yatak-cami-etrafi-kromu-fsc283\/","title":{"rendered":"FSC283 SCAN\u0130A \u0130\u00c7\u0130N YATAK CAMI ETRAFI KROMU (PRESL\u0130) S\/R 2016+"},"content":{"rendered":"","protected":false},"excerpt":{"rendered":"<p>NG SC S\/R<\/p>\n","protected":false},"featured_media":1659,"comment_status":"open","ping_status":"closed","template":"","meta":[],"product_cat":[22],"product_tag":[],"class_list":["post-1283","product","type-product","status-publish","has-post-thumbnail","hentry","product_cat-s-r-2016"],"_links":{"self":[{"href":"https:\/\/felipsotomotiv.com\/index.php\/wp-json\/wp\/v3\/product\/1283","targetHints":{"allow":["GET"]}}],"collection":[{"href":"https:\/\/felipsotomotiv.com\/index.php\/wp-json\/wp\/v3\/product"}],"about":[{"href":"https:\/\/felipsotomotiv.com\/index.php\/wp-json\/wp\/v2\/types\/product"}],"replies":[{"embeddable":true,"href":"https:\/\/felipsotomotiv.com\/index.php\/wp-json\/wp\/v2\/comments?post=1283"}],"wp:featuredmedia":[{"embeddable":true,"href":"https:\/\/felipsotomotiv.com\/index.php\/wp-json\/wp\/v2\/media\/1659"}],"wp:attachment":[{"href":"https:\/\/felipsotomotiv.com\/index.php\/wp-json\/wp\/v2\/media?parent=1283"}],"wp:term":[{"taxonomy":"product_cat","embeddable":true,"href":"https:\/\/felipsotomotiv.com\/index.php\/wp-json\/wp\/v2\/product_cat?post=1283"},{"taxonomy":"product_tag","embeddable":true,"href":"https:\/\/felipsotomotiv.com\/index.php\/wp-json\/wp\/v2\/product_tag?post=1283"}],"curies":[{"name":"wp","href":"https:\/\/api.w.org\/{rel}","templated":true}]}}