{"id":1318,"date":"2024-04-21T19:12:15","date_gmt":"2024-04-21T16:12:15","guid":{"rendered":"http:\/\/felipsotomotiv.com\/?post_type=product&#038;p=1318"},"modified":"2024-07-05T10:05:17","modified_gmt":"2024-07-05T07:05:17","slug":"panjur-numaralari-fsc293","status":"publish","type":"product","link":"https:\/\/felipsotomotiv.com\/index.php\/urun\/panjur-numaralari-fsc293\/","title":{"rendered":"FSC293 SCAN\u0130A \u0130\u00c7\u0130N  PANJUR NUMARALARI (0-9,G,R,S) (PRESL\u0130) S\/R 2016+"},"content":{"rendered":"","protected":false},"excerpt":{"rendered":"<p>NG SC S\/R<\/p>\n","protected":false},"featured_media":1666,"comment_status":"open","ping_status":"closed","template":"","meta":[],"product_cat":[22],"product_tag":[],"class_list":["post-1318","product","type-product","status-publish","has-post-thumbnail","hentry","product_cat-s-r-2016"],"_links":{"self":[{"href":"https:\/\/felipsotomotiv.com\/index.php\/wp-json\/wp\/v3\/product\/1318","targetHints":{"allow":["GET"]}}],"collection":[{"href":"https:\/\/felipsotomotiv.com\/index.php\/wp-json\/wp\/v3\/product"}],"about":[{"href":"https:\/\/felipsotomotiv.com\/index.php\/wp-json\/wp\/v2\/types\/product"}],"replies":[{"embeddable":true,"href":"https:\/\/felipsotomotiv.com\/index.php\/wp-json\/wp\/v2\/comments?post=1318"}],"wp:featuredmedia":[{"embeddable":true,"href":"https:\/\/felipsotomotiv.com\/index.php\/wp-json\/wp\/v2\/media\/1666"}],"wp:attachment":[{"href":"https:\/\/felipsotomotiv.com\/index.php\/wp-json\/wp\/v2\/media?parent=1318"}],"wp:term":[{"taxonomy":"product_cat","embeddable":true,"href":"https:\/\/felipsotomotiv.com\/index.php\/wp-json\/wp\/v2\/product_cat?post=1318"},{"taxonomy":"product_tag","embeddable":true,"href":"https:\/\/felipsotomotiv.com\/index.php\/wp-json\/wp\/v2\/product_tag?post=1318"}],"curies":[{"name":"wp","href":"https:\/\/api.w.org\/{rel}","templated":true}]}}