{"id":137,"date":"2024-04-21T01:48:12","date_gmt":"2024-04-20T22:48:12","guid":{"rendered":"http:\/\/felipsotomotiv.com\/?post_type=product&#038;p=137"},"modified":"2024-07-12T11:12:55","modified_gmt":"2024-07-12T08:12:55","slug":"xffdf107","status":"publish","type":"product","link":"https:\/\/felipsotomotiv.com\/index.php\/urun\/xffdf107\/","title":{"rendered":"FDF107 DAF \u0130\u00c7\u0130N FAR &#8211; S\u0130S TEL\u0130 KROM XF"},"content":{"rendered":"","protected":false},"excerpt":{"rendered":"<p>XF<\/p>\n","protected":false},"featured_media":1868,"comment_status":"open","ping_status":"closed","template":"","meta":[],"product_cat":[29],"product_tag":[],"class_list":["post-137","product","type-product","status-publish","has-post-thumbnail","hentry","product_cat-xf-cf"],"_links":{"self":[{"href":"https:\/\/felipsotomotiv.com\/index.php\/wp-json\/wp\/v3\/product\/137","targetHints":{"allow":["GET"]}}],"collection":[{"href":"https:\/\/felipsotomotiv.com\/index.php\/wp-json\/wp\/v3\/product"}],"about":[{"href":"https:\/\/felipsotomotiv.com\/index.php\/wp-json\/wp\/v2\/types\/product"}],"replies":[{"embeddable":true,"href":"https:\/\/felipsotomotiv.com\/index.php\/wp-json\/wp\/v2\/comments?post=137"}],"wp:featuredmedia":[{"embeddable":true,"href":"https:\/\/felipsotomotiv.com\/index.php\/wp-json\/wp\/v2\/media\/1868"}],"wp:attachment":[{"href":"https:\/\/felipsotomotiv.com\/index.php\/wp-json\/wp\/v2\/media?parent=137"}],"wp:term":[{"taxonomy":"product_cat","embeddable":true,"href":"https:\/\/felipsotomotiv.com\/index.php\/wp-json\/wp\/v2\/product_cat?post=137"},{"taxonomy":"product_tag","embeddable":true,"href":"https:\/\/felipsotomotiv.com\/index.php\/wp-json\/wp\/v2\/product_tag?post=137"}],"curies":[{"name":"wp","href":"https:\/\/api.w.org\/{rel}","templated":true}]}}