{"id":1409,"date":"2024-04-26T12:52:37","date_gmt":"2024-04-26T09:52:37","guid":{"rendered":"http:\/\/felipsotomotiv.com\/?post_type=product&#038;p=1409"},"modified":"2024-07-19T14:48:07","modified_gmt":"2024-07-19T11:48:07","slug":"guneslik-fbsc101","status":"publish","type":"product","link":"https:\/\/felipsotomotiv.com\/index.php\/urun\/guneslik-fbsc101\/","title":{"rendered":"FBSC101 SCANIA \u0130\u00c7\u0130N G\u00dcNE\u015eL\u0130K NG"},"content":{"rendered":"","protected":false},"excerpt":{"rendered":"","protected":false},"featured_media":2134,"comment_status":"open","ping_status":"closed","template":"","meta":[],"product_cat":[42],"product_tag":[],"class_list":["post-1409","product","type-product","status-publish","has-post-thumbnail","hentry","product_cat-fiber-rtm"],"_links":{"self":[{"href":"https:\/\/felipsotomotiv.com\/index.php\/wp-json\/wp\/v3\/product\/1409","targetHints":{"allow":["GET"]}}],"collection":[{"href":"https:\/\/felipsotomotiv.com\/index.php\/wp-json\/wp\/v3\/product"}],"about":[{"href":"https:\/\/felipsotomotiv.com\/index.php\/wp-json\/wp\/v2\/types\/product"}],"replies":[{"embeddable":true,"href":"https:\/\/felipsotomotiv.com\/index.php\/wp-json\/wp\/v2\/comments?post=1409"}],"wp:featuredmedia":[{"embeddable":true,"href":"https:\/\/felipsotomotiv.com\/index.php\/wp-json\/wp\/v2\/media\/2134"}],"wp:attachment":[{"href":"https:\/\/felipsotomotiv.com\/index.php\/wp-json\/wp\/v2\/media?parent=1409"}],"wp:term":[{"taxonomy":"product_cat","embeddable":true,"href":"https:\/\/felipsotomotiv.com\/index.php\/wp-json\/wp\/v2\/product_cat?post=1409"},{"taxonomy":"product_tag","embeddable":true,"href":"https:\/\/felipsotomotiv.com\/index.php\/wp-json\/wp\/v2\/product_tag?post=1409"}],"curies":[{"name":"wp","href":"https:\/\/api.w.org\/{rel}","templated":true}]}}