{"id":1468,"date":"2024-05-17T13:38:40","date_gmt":"2024-05-17T10:38:40","guid":{"rendered":"https:\/\/felipsotomotiv.com\/?post_type=product&#038;p=1468"},"modified":"2024-07-19T14:54:03","modified_gmt":"2024-07-19T11:54:03","slug":"fbsc301-scania-karlik-kucuk-ng","status":"publish","type":"product","link":"https:\/\/felipsotomotiv.com\/index.php\/urun\/fbsc301-scania-karlik-kucuk-ng\/","title":{"rendered":"FBSC301 SCANIA KARLIK (K\u00dc\u00c7\u00dcK) NG"},"content":{"rendered":"","protected":false},"excerpt":{"rendered":"","protected":false},"featured_media":2137,"comment_status":"open","ping_status":"closed","template":"","meta":[],"product_cat":[42],"product_tag":[],"class_list":["post-1468","product","type-product","status-publish","has-post-thumbnail","hentry","product_cat-fiber-rtm"],"_links":{"self":[{"href":"https:\/\/felipsotomotiv.com\/index.php\/wp-json\/wp\/v3\/product\/1468","targetHints":{"allow":["GET"]}}],"collection":[{"href":"https:\/\/felipsotomotiv.com\/index.php\/wp-json\/wp\/v3\/product"}],"about":[{"href":"https:\/\/felipsotomotiv.com\/index.php\/wp-json\/wp\/v2\/types\/product"}],"replies":[{"embeddable":true,"href":"https:\/\/felipsotomotiv.com\/index.php\/wp-json\/wp\/v2\/comments?post=1468"}],"wp:featuredmedia":[{"embeddable":true,"href":"https:\/\/felipsotomotiv.com\/index.php\/wp-json\/wp\/v2\/media\/2137"}],"wp:attachment":[{"href":"https:\/\/felipsotomotiv.com\/index.php\/wp-json\/wp\/v2\/media?parent=1468"}],"wp:term":[{"taxonomy":"product_cat","embeddable":true,"href":"https:\/\/felipsotomotiv.com\/index.php\/wp-json\/wp\/v2\/product_cat?post=1468"},{"taxonomy":"product_tag","embeddable":true,"href":"https:\/\/felipsotomotiv.com\/index.php\/wp-json\/wp\/v2\/product_tag?post=1468"}],"curies":[{"name":"wp","href":"https:\/\/api.w.org\/{rel}","templated":true}]}}