{"id":1491,"date":"2024-05-23T15:23:43","date_gmt":"2024-05-23T12:23:43","guid":{"rendered":"https:\/\/felipsotomotiv.com\/?post_type=product&#038;p=1491"},"modified":"2024-07-08T11:51:51","modified_gmt":"2024-07-08T08:51:51","slug":"fme182-mercedes-benz-icin-genis-panjur-kromu-presli-actros-mp4-mp5","status":"publish","type":"product","link":"https:\/\/felipsotomotiv.com\/index.php\/urun\/fme182-mercedes-benz-icin-genis-panjur-kromu-presli-actros-mp4-mp5\/","title":{"rendered":"FME182 MERCEDES-BENZ \u0130\u00c7\u0130N GEN\u0130\u015e PANJUR KROMU (PRESL\u0130) ACTROS MP4\/MP5"},"content":{"rendered":"","protected":false},"excerpt":{"rendered":"","protected":false},"featured_media":1761,"comment_status":"open","ping_status":"closed","template":"","meta":[],"product_cat":[25],"product_tag":[],"class_list":["post-1491","product","type-product","status-publish","has-post-thumbnail","hentry","product_cat-actros-mp4-mp5"],"_links":{"self":[{"href":"https:\/\/felipsotomotiv.com\/index.php\/wp-json\/wp\/v3\/product\/1491","targetHints":{"allow":["GET"]}}],"collection":[{"href":"https:\/\/felipsotomotiv.com\/index.php\/wp-json\/wp\/v3\/product"}],"about":[{"href":"https:\/\/felipsotomotiv.com\/index.php\/wp-json\/wp\/v2\/types\/product"}],"replies":[{"embeddable":true,"href":"https:\/\/felipsotomotiv.com\/index.php\/wp-json\/wp\/v2\/comments?post=1491"}],"wp:featuredmedia":[{"embeddable":true,"href":"https:\/\/felipsotomotiv.com\/index.php\/wp-json\/wp\/v2\/media\/1761"}],"wp:attachment":[{"href":"https:\/\/felipsotomotiv.com\/index.php\/wp-json\/wp\/v2\/media?parent=1491"}],"wp:term":[{"taxonomy":"product_cat","embeddable":true,"href":"https:\/\/felipsotomotiv.com\/index.php\/wp-json\/wp\/v2\/product_cat?post=1491"},{"taxonomy":"product_tag","embeddable":true,"href":"https:\/\/felipsotomotiv.com\/index.php\/wp-json\/wp\/v2\/product_tag?post=1491"}],"curies":[{"name":"wp","href":"https:\/\/api.w.org\/{rel}","templated":true}]}}