{"id":1509,"date":"2024-06-05T10:31:23","date_gmt":"2024-06-05T07:31:23","guid":{"rendered":"https:\/\/felipsotomotiv.com\/?post_type=product&#038;p=1509"},"modified":"2024-07-18T09:37:14","modified_gmt":"2024-07-18T06:37:14","slug":"fmn116-man-icin-far-sis-teli-kromu-tgx","status":"publish","type":"product","link":"https:\/\/felipsotomotiv.com\/index.php\/urun\/fmn116-man-icin-far-sis-teli-kromu-tgx\/","title":{"rendered":"FMN116 MAN \u0130\u00c7\u0130N FAR-S\u0130S TEL\u0130 KROMU TGX"},"content":{"rendered":"","protected":false},"excerpt":{"rendered":"","protected":false},"featured_media":2030,"comment_status":"open","ping_status":"closed","template":"","meta":[],"product_cat":[35],"product_tag":[],"class_list":["post-1509","product","type-product","status-publish","has-post-thumbnail","hentry","product_cat-tga-tgx-tgs-tgl"],"_links":{"self":[{"href":"https:\/\/felipsotomotiv.com\/index.php\/wp-json\/wp\/v3\/product\/1509","targetHints":{"allow":["GET"]}}],"collection":[{"href":"https:\/\/felipsotomotiv.com\/index.php\/wp-json\/wp\/v3\/product"}],"about":[{"href":"https:\/\/felipsotomotiv.com\/index.php\/wp-json\/wp\/v2\/types\/product"}],"replies":[{"embeddable":true,"href":"https:\/\/felipsotomotiv.com\/index.php\/wp-json\/wp\/v2\/comments?post=1509"}],"wp:featuredmedia":[{"embeddable":true,"href":"https:\/\/felipsotomotiv.com\/index.php\/wp-json\/wp\/v2\/media\/2030"}],"wp:attachment":[{"href":"https:\/\/felipsotomotiv.com\/index.php\/wp-json\/wp\/v2\/media?parent=1509"}],"wp:term":[{"taxonomy":"product_cat","embeddable":true,"href":"https:\/\/felipsotomotiv.com\/index.php\/wp-json\/wp\/v2\/product_cat?post=1509"},{"taxonomy":"product_tag","embeddable":true,"href":"https:\/\/felipsotomotiv.com\/index.php\/wp-json\/wp\/v2\/product_tag?post=1509"}],"curies":[{"name":"wp","href":"https:\/\/api.w.org\/{rel}","templated":true}]}}