{"id":1520,"date":"2024-06-05T17:49:23","date_gmt":"2024-06-05T14:49:23","guid":{"rendered":"https:\/\/felipsotomotiv.com\/?post_type=product&#038;p=1520"},"modified":"2024-07-19T14:03:54","modified_gmt":"2024-07-19T11:03:54","slug":"fme184-mercedes-benz-icin-on-camurluk-eki-actros-mp4-mp5","status":"publish","type":"product","link":"https:\/\/felipsotomotiv.com\/index.php\/urun\/fme184-mercedes-benz-icin-on-camurluk-eki-actros-mp4-mp5\/","title":{"rendered":"FME184 MERCEDES-BENZ \u0130\u00c7\u0130N \u00d6N \u00c7AMURLUK EK\u0130 ACTROS MP4\/MP5"},"content":{"rendered":"","protected":false},"excerpt":{"rendered":"","protected":false},"featured_media":2118,"comment_status":"open","ping_status":"closed","template":"","meta":[],"product_cat":[41],"product_tag":[],"class_list":["post-1520","product","type-product","status-publish","has-post-thumbnail","hentry","product_cat-plastik"],"_links":{"self":[{"href":"https:\/\/felipsotomotiv.com\/index.php\/wp-json\/wp\/v3\/product\/1520","targetHints":{"allow":["GET"]}}],"collection":[{"href":"https:\/\/felipsotomotiv.com\/index.php\/wp-json\/wp\/v3\/product"}],"about":[{"href":"https:\/\/felipsotomotiv.com\/index.php\/wp-json\/wp\/v2\/types\/product"}],"replies":[{"embeddable":true,"href":"https:\/\/felipsotomotiv.com\/index.php\/wp-json\/wp\/v2\/comments?post=1520"}],"wp:featuredmedia":[{"embeddable":true,"href":"https:\/\/felipsotomotiv.com\/index.php\/wp-json\/wp\/v2\/media\/2118"}],"wp:attachment":[{"href":"https:\/\/felipsotomotiv.com\/index.php\/wp-json\/wp\/v2\/media?parent=1520"}],"wp:term":[{"taxonomy":"product_cat","embeddable":true,"href":"https:\/\/felipsotomotiv.com\/index.php\/wp-json\/wp\/v2\/product_cat?post=1520"},{"taxonomy":"product_tag","embeddable":true,"href":"https:\/\/felipsotomotiv.com\/index.php\/wp-json\/wp\/v2\/product_tag?post=1520"}],"curies":[{"name":"wp","href":"https:\/\/api.w.org\/{rel}","templated":true}]}}