{"id":162,"date":"2024-04-21T01:55:27","date_gmt":"2024-04-20T22:55:27","guid":{"rendered":"http:\/\/felipsotomotiv.com\/?post_type=product&#038;p=162"},"modified":"2024-07-12T15:57:58","modified_gmt":"2024-07-12T12:57:58","slug":"xf-105fdf117","status":"publish","type":"product","link":"https:\/\/felipsotomotiv.com\/index.php\/urun\/xf-105fdf117\/","title":{"rendered":"FDF117 DAF \u0130\u00c7\u0130N AYNA KAPAK KROMU (PRESL\u0130) XF\/CF"},"content":{"rendered":"","protected":false},"excerpt":{"rendered":"<p>XF 105<\/p>\n","protected":false},"featured_media":1883,"comment_status":"open","ping_status":"closed","template":"","meta":[],"product_cat":[29],"product_tag":[],"class_list":["post-162","product","type-product","status-publish","has-post-thumbnail","hentry","product_cat-xf-cf"],"_links":{"self":[{"href":"https:\/\/felipsotomotiv.com\/index.php\/wp-json\/wp\/v3\/product\/162","targetHints":{"allow":["GET"]}}],"collection":[{"href":"https:\/\/felipsotomotiv.com\/index.php\/wp-json\/wp\/v3\/product"}],"about":[{"href":"https:\/\/felipsotomotiv.com\/index.php\/wp-json\/wp\/v2\/types\/product"}],"replies":[{"embeddable":true,"href":"https:\/\/felipsotomotiv.com\/index.php\/wp-json\/wp\/v2\/comments?post=162"}],"wp:featuredmedia":[{"embeddable":true,"href":"https:\/\/felipsotomotiv.com\/index.php\/wp-json\/wp\/v2\/media\/1883"}],"wp:attachment":[{"href":"https:\/\/felipsotomotiv.com\/index.php\/wp-json\/wp\/v2\/media?parent=162"}],"wp:term":[{"taxonomy":"product_cat","embeddable":true,"href":"https:\/\/felipsotomotiv.com\/index.php\/wp-json\/wp\/v2\/product_cat?post=162"},{"taxonomy":"product_tag","embeddable":true,"href":"https:\/\/felipsotomotiv.com\/index.php\/wp-json\/wp\/v2\/product_tag?post=162"}],"curies":[{"name":"wp","href":"https:\/\/api.w.org\/{rel}","templated":true}]}}