{"id":164,"date":"2024-04-21T01:56:11","date_gmt":"2024-04-20T22:56:11","guid":{"rendered":"http:\/\/felipsotomotiv.com\/?post_type=product&#038;p=164"},"modified":"2024-07-12T15:57:52","modified_gmt":"2024-07-12T12:57:52","slug":"xf-cffdf118","status":"publish","type":"product","link":"https:\/\/felipsotomotiv.com\/index.php\/urun\/xf-cffdf118\/","title":{"rendered":"FDF118 DAF \u0130\u00c7\u0130N BASAMAK \u0130\u00c7\u0130 KROMU XF\/CF"},"content":{"rendered":"","protected":false},"excerpt":{"rendered":"<p>XF-CF<\/p>\n","protected":false},"featured_media":1884,"comment_status":"open","ping_status":"closed","template":"","meta":[],"product_cat":[29],"product_tag":[],"class_list":["post-164","product","type-product","status-publish","has-post-thumbnail","hentry","product_cat-xf-cf"],"_links":{"self":[{"href":"https:\/\/felipsotomotiv.com\/index.php\/wp-json\/wp\/v3\/product\/164","targetHints":{"allow":["GET"]}}],"collection":[{"href":"https:\/\/felipsotomotiv.com\/index.php\/wp-json\/wp\/v3\/product"}],"about":[{"href":"https:\/\/felipsotomotiv.com\/index.php\/wp-json\/wp\/v2\/types\/product"}],"replies":[{"embeddable":true,"href":"https:\/\/felipsotomotiv.com\/index.php\/wp-json\/wp\/v2\/comments?post=164"}],"wp:featuredmedia":[{"embeddable":true,"href":"https:\/\/felipsotomotiv.com\/index.php\/wp-json\/wp\/v2\/media\/1884"}],"wp:attachment":[{"href":"https:\/\/felipsotomotiv.com\/index.php\/wp-json\/wp\/v2\/media?parent=164"}],"wp:term":[{"taxonomy":"product_cat","embeddable":true,"href":"https:\/\/felipsotomotiv.com\/index.php\/wp-json\/wp\/v2\/product_cat?post=164"},{"taxonomy":"product_tag","embeddable":true,"href":"https:\/\/felipsotomotiv.com\/index.php\/wp-json\/wp\/v2\/product_tag?post=164"}],"curies":[{"name":"wp","href":"https:\/\/api.w.org\/{rel}","templated":true}]}}