{"id":168,"date":"2024-04-21T01:56:52","date_gmt":"2024-04-20T22:56:52","guid":{"rendered":"http:\/\/felipsotomotiv.com\/?post_type=product&#038;p=168"},"modified":"2024-07-12T15:57:46","modified_gmt":"2024-07-12T12:57:46","slug":"far-etrafi-kromu-fdf119","status":"publish","type":"product","link":"https:\/\/felipsotomotiv.com\/index.php\/urun\/far-etrafi-kromu-fdf119\/","title":{"rendered":"FDF119 DAF \u0130\u00c7\u0130N FAR ETRAFI KROMU XF\/CF"},"content":{"rendered":"","protected":false},"excerpt":{"rendered":"<p>XF 105<\/p>\n","protected":false},"featured_media":1885,"comment_status":"open","ping_status":"closed","template":"","meta":[],"product_cat":[29],"product_tag":[],"class_list":["post-168","product","type-product","status-publish","has-post-thumbnail","hentry","product_cat-xf-cf"],"_links":{"self":[{"href":"https:\/\/felipsotomotiv.com\/index.php\/wp-json\/wp\/v3\/product\/168","targetHints":{"allow":["GET"]}}],"collection":[{"href":"https:\/\/felipsotomotiv.com\/index.php\/wp-json\/wp\/v3\/product"}],"about":[{"href":"https:\/\/felipsotomotiv.com\/index.php\/wp-json\/wp\/v2\/types\/product"}],"replies":[{"embeddable":true,"href":"https:\/\/felipsotomotiv.com\/index.php\/wp-json\/wp\/v2\/comments?post=168"}],"wp:featuredmedia":[{"embeddable":true,"href":"https:\/\/felipsotomotiv.com\/index.php\/wp-json\/wp\/v2\/media\/1885"}],"wp:attachment":[{"href":"https:\/\/felipsotomotiv.com\/index.php\/wp-json\/wp\/v2\/media?parent=168"}],"wp:term":[{"taxonomy":"product_cat","embeddable":true,"href":"https:\/\/felipsotomotiv.com\/index.php\/wp-json\/wp\/v2\/product_cat?post=168"},{"taxonomy":"product_tag","embeddable":true,"href":"https:\/\/felipsotomotiv.com\/index.php\/wp-json\/wp\/v2\/product_tag?post=168"}],"curies":[{"name":"wp","href":"https:\/\/api.w.org\/{rel}","templated":true}]}}