{"id":170,"date":"2024-04-21T01:59:23","date_gmt":"2024-04-20T22:59:23","guid":{"rendered":"http:\/\/felipsotomotiv.com\/?post_type=product&#038;p=170"},"modified":"2024-07-12T15:57:40","modified_gmt":"2024-07-12T12:57:40","slug":"2-parca-silecek-kromu-fdf120","status":"publish","type":"product","link":"https:\/\/felipsotomotiv.com\/index.php\/urun\/2-parca-silecek-kromu-fdf120\/","title":{"rendered":"FDF120 DAF \u0130\u00c7\u0130N 2 PAR\u00c7A S\u0130LECEK KROMU XF\/CF"},"content":{"rendered":"","protected":false},"excerpt":{"rendered":"<p>CF<\/p>\n","protected":false},"featured_media":1888,"comment_status":"open","ping_status":"closed","template":"","meta":[],"product_cat":[29],"product_tag":[],"class_list":["post-170","product","type-product","status-publish","has-post-thumbnail","hentry","product_cat-xf-cf"],"_links":{"self":[{"href":"https:\/\/felipsotomotiv.com\/index.php\/wp-json\/wp\/v3\/product\/170","targetHints":{"allow":["GET"]}}],"collection":[{"href":"https:\/\/felipsotomotiv.com\/index.php\/wp-json\/wp\/v3\/product"}],"about":[{"href":"https:\/\/felipsotomotiv.com\/index.php\/wp-json\/wp\/v2\/types\/product"}],"replies":[{"embeddable":true,"href":"https:\/\/felipsotomotiv.com\/index.php\/wp-json\/wp\/v2\/comments?post=170"}],"wp:featuredmedia":[{"embeddable":true,"href":"https:\/\/felipsotomotiv.com\/index.php\/wp-json\/wp\/v2\/media\/1888"}],"wp:attachment":[{"href":"https:\/\/felipsotomotiv.com\/index.php\/wp-json\/wp\/v2\/media?parent=170"}],"wp:term":[{"taxonomy":"product_cat","embeddable":true,"href":"https:\/\/felipsotomotiv.com\/index.php\/wp-json\/wp\/v2\/product_cat?post=170"},{"taxonomy":"product_tag","embeddable":true,"href":"https:\/\/felipsotomotiv.com\/index.php\/wp-json\/wp\/v2\/product_tag?post=170"}],"curies":[{"name":"wp","href":"https:\/\/api.w.org\/{rel}","templated":true}]}}