{"id":176,"date":"2024-04-21T02:01:26","date_gmt":"2024-04-20T23:01:26","guid":{"rendered":"http:\/\/felipsotomotiv.com\/?post_type=product&#038;p=176"},"modified":"2024-07-12T16:11:54","modified_gmt":"2024-07-12T13:11:54","slug":"yanlik-cita-kromu-fdf123","status":"publish","type":"product","link":"https:\/\/felipsotomotiv.com\/index.php\/urun\/yanlik-cita-kromu-fdf123\/","title":{"rendered":"FDF123 DAF \u0130\u00c7\u0130N YANLIK \u00c7ITA KROMU XF\/CF"},"content":{"rendered":"","protected":false},"excerpt":{"rendered":"<p>XF 106<\/p>\n","protected":false},"featured_media":1891,"comment_status":"open","ping_status":"closed","template":"","meta":[],"product_cat":[29],"product_tag":[],"class_list":["post-176","product","type-product","status-publish","has-post-thumbnail","hentry","product_cat-xf-cf"],"_links":{"self":[{"href":"https:\/\/felipsotomotiv.com\/index.php\/wp-json\/wp\/v3\/product\/176","targetHints":{"allow":["GET"]}}],"collection":[{"href":"https:\/\/felipsotomotiv.com\/index.php\/wp-json\/wp\/v3\/product"}],"about":[{"href":"https:\/\/felipsotomotiv.com\/index.php\/wp-json\/wp\/v2\/types\/product"}],"replies":[{"embeddable":true,"href":"https:\/\/felipsotomotiv.com\/index.php\/wp-json\/wp\/v2\/comments?post=176"}],"wp:featuredmedia":[{"embeddable":true,"href":"https:\/\/felipsotomotiv.com\/index.php\/wp-json\/wp\/v2\/media\/1891"}],"wp:attachment":[{"href":"https:\/\/felipsotomotiv.com\/index.php\/wp-json\/wp\/v2\/media?parent=176"}],"wp:term":[{"taxonomy":"product_cat","embeddable":true,"href":"https:\/\/felipsotomotiv.com\/index.php\/wp-json\/wp\/v2\/product_cat?post=176"},{"taxonomy":"product_tag","embeddable":true,"href":"https:\/\/felipsotomotiv.com\/index.php\/wp-json\/wp\/v2\/product_tag?post=176"}],"curies":[{"name":"wp","href":"https:\/\/api.w.org\/{rel}","templated":true}]}}