{"id":190,"date":"2024-04-21T02:04:58","date_gmt":"2024-04-20T23:04:58","guid":{"rendered":"http:\/\/felipsotomotiv.com\/?post_type=product&#038;p=190"},"modified":"2024-07-12T16:50:34","modified_gmt":"2024-07-12T13:50:34","slug":"fdf128","status":"publish","type":"product","link":"https:\/\/felipsotomotiv.com\/index.php\/urun\/fdf128\/","title":{"rendered":"FDF128 VOLVO \u0130\u00c7\u0130N SENS\u00d6R KROMU (PRESL\u0130) XF\/CF"},"content":{"rendered":"","protected":false},"excerpt":{"rendered":"<p>XF 106<\/p>\n","protected":false},"featured_media":1896,"comment_status":"open","ping_status":"closed","template":"","meta":[],"product_cat":[29],"product_tag":[],"class_list":["post-190","product","type-product","status-publish","has-post-thumbnail","hentry","product_cat-xf-cf"],"_links":{"self":[{"href":"https:\/\/felipsotomotiv.com\/index.php\/wp-json\/wp\/v3\/product\/190","targetHints":{"allow":["GET"]}}],"collection":[{"href":"https:\/\/felipsotomotiv.com\/index.php\/wp-json\/wp\/v3\/product"}],"about":[{"href":"https:\/\/felipsotomotiv.com\/index.php\/wp-json\/wp\/v2\/types\/product"}],"replies":[{"embeddable":true,"href":"https:\/\/felipsotomotiv.com\/index.php\/wp-json\/wp\/v2\/comments?post=190"}],"wp:featuredmedia":[{"embeddable":true,"href":"https:\/\/felipsotomotiv.com\/index.php\/wp-json\/wp\/v2\/media\/1896"}],"wp:attachment":[{"href":"https:\/\/felipsotomotiv.com\/index.php\/wp-json\/wp\/v2\/media?parent=190"}],"wp:term":[{"taxonomy":"product_cat","embeddable":true,"href":"https:\/\/felipsotomotiv.com\/index.php\/wp-json\/wp\/v2\/product_cat?post=190"},{"taxonomy":"product_tag","embeddable":true,"href":"https:\/\/felipsotomotiv.com\/index.php\/wp-json\/wp\/v2\/product_tag?post=190"}],"curies":[{"name":"wp","href":"https:\/\/api.w.org\/{rel}","templated":true}]}}