{"id":196,"date":"2024-04-21T02:06:22","date_gmt":"2024-04-20T23:06:22","guid":{"rendered":"http:\/\/felipsotomotiv.com\/?post_type=product&#038;p=196"},"modified":"2024-07-05T11:01:47","modified_gmt":"2024-07-05T08:01:47","slug":"panjur-ici-kromu-fax109","status":"publish","type":"product","link":"https:\/\/felipsotomotiv.com\/index.php\/urun\/panjur-ici-kromu-fax109\/","title":{"rendered":"FAX109 MERCEDES-BENZ \u0130\u00c7\u0130N PANJUR \u0130\u00c7\u0130 KROMU AXOR"},"content":{"rendered":"","protected":false},"excerpt":{"rendered":"<h4 class=\"p1\">2004-2011<\/h4>\n","protected":false},"featured_media":1678,"comment_status":"open","ping_status":"closed","template":"","meta":[],"product_cat":[23],"product_tag":[],"class_list":["post-196","product","type-product","status-publish","has-post-thumbnail","hentry","product_cat-axor"],"_links":{"self":[{"href":"https:\/\/felipsotomotiv.com\/index.php\/wp-json\/wp\/v3\/product\/196","targetHints":{"allow":["GET"]}}],"collection":[{"href":"https:\/\/felipsotomotiv.com\/index.php\/wp-json\/wp\/v3\/product"}],"about":[{"href":"https:\/\/felipsotomotiv.com\/index.php\/wp-json\/wp\/v2\/types\/product"}],"replies":[{"embeddable":true,"href":"https:\/\/felipsotomotiv.com\/index.php\/wp-json\/wp\/v2\/comments?post=196"}],"wp:featuredmedia":[{"embeddable":true,"href":"https:\/\/felipsotomotiv.com\/index.php\/wp-json\/wp\/v2\/media\/1678"}],"wp:attachment":[{"href":"https:\/\/felipsotomotiv.com\/index.php\/wp-json\/wp\/v2\/media?parent=196"}],"wp:term":[{"taxonomy":"product_cat","embeddable":true,"href":"https:\/\/felipsotomotiv.com\/index.php\/wp-json\/wp\/v2\/product_cat?post=196"},{"taxonomy":"product_tag","embeddable":true,"href":"https:\/\/felipsotomotiv.com\/index.php\/wp-json\/wp\/v2\/product_tag?post=196"}],"curies":[{"name":"wp","href":"https:\/\/api.w.org\/{rel}","templated":true}]}}