{"id":205,"date":"2024-04-21T02:11:42","date_gmt":"2024-04-20T23:11:42","guid":{"rendered":"http:\/\/felipsotomotiv.com\/?post_type=product&#038;p=205"},"modified":"2024-07-12T17:26:05","modified_gmt":"2024-07-12T14:26:05","slug":"3-parca-silecek-kromu-fdf132","status":"publish","type":"product","link":"https:\/\/felipsotomotiv.com\/index.php\/urun\/3-parca-silecek-kromu-fdf132\/","title":{"rendered":"FDF132 DAF \u0130\u00c7\u0130N 3 PAR\u00c7A S\u0130LECEK KROMU XF\/CF"},"content":{"rendered":"","protected":false},"excerpt":{"rendered":"<p>XF 106<\/p>\n","protected":false},"featured_media":1897,"comment_status":"open","ping_status":"closed","template":"","meta":[],"product_cat":[29],"product_tag":[],"class_list":["post-205","product","type-product","status-publish","has-post-thumbnail","hentry","product_cat-xf-cf"],"_links":{"self":[{"href":"https:\/\/felipsotomotiv.com\/index.php\/wp-json\/wp\/v3\/product\/205","targetHints":{"allow":["GET"]}}],"collection":[{"href":"https:\/\/felipsotomotiv.com\/index.php\/wp-json\/wp\/v3\/product"}],"about":[{"href":"https:\/\/felipsotomotiv.com\/index.php\/wp-json\/wp\/v2\/types\/product"}],"replies":[{"embeddable":true,"href":"https:\/\/felipsotomotiv.com\/index.php\/wp-json\/wp\/v2\/comments?post=205"}],"wp:featuredmedia":[{"embeddable":true,"href":"https:\/\/felipsotomotiv.com\/index.php\/wp-json\/wp\/v2\/media\/1897"}],"wp:attachment":[{"href":"https:\/\/felipsotomotiv.com\/index.php\/wp-json\/wp\/v2\/media?parent=205"}],"wp:term":[{"taxonomy":"product_cat","embeddable":true,"href":"https:\/\/felipsotomotiv.com\/index.php\/wp-json\/wp\/v2\/product_cat?post=205"},{"taxonomy":"product_tag","embeddable":true,"href":"https:\/\/felipsotomotiv.com\/index.php\/wp-json\/wp\/v2\/product_tag?post=205"}],"curies":[{"name":"wp","href":"https:\/\/api.w.org\/{rel}","templated":true}]}}