{"id":2149,"date":"2024-07-19T15:15:26","date_gmt":"2024-07-19T12:15:26","guid":{"rendered":"https:\/\/felipsotomotiv.com\/?post_type=product&#038;p=2149"},"modified":"2024-07-19T15:16:56","modified_gmt":"2024-07-19T12:16:56","slug":"fbsc402-scania-icin-on-camurluk-eki-ng","status":"publish","type":"product","link":"https:\/\/felipsotomotiv.com\/index.php\/urun\/fbsc402-scania-icin-on-camurluk-eki-ng\/","title":{"rendered":"FBSC402 SCANIA \u0130\u00c7\u0130N \u00d6N \u00c7AMURLUK EK\u0130  NG"},"content":{"rendered":"","protected":false},"excerpt":{"rendered":"","protected":false},"featured_media":2150,"comment_status":"open","ping_status":"closed","template":"","meta":[],"product_cat":[42],"product_tag":[],"class_list":["post-2149","product","type-product","status-publish","has-post-thumbnail","hentry","product_cat-fiber-rtm"],"_links":{"self":[{"href":"https:\/\/felipsotomotiv.com\/index.php\/wp-json\/wp\/v3\/product\/2149","targetHints":{"allow":["GET"]}}],"collection":[{"href":"https:\/\/felipsotomotiv.com\/index.php\/wp-json\/wp\/v3\/product"}],"about":[{"href":"https:\/\/felipsotomotiv.com\/index.php\/wp-json\/wp\/v2\/types\/product"}],"replies":[{"embeddable":true,"href":"https:\/\/felipsotomotiv.com\/index.php\/wp-json\/wp\/v2\/comments?post=2149"}],"wp:featuredmedia":[{"embeddable":true,"href":"https:\/\/felipsotomotiv.com\/index.php\/wp-json\/wp\/v2\/media\/2150"}],"wp:attachment":[{"href":"https:\/\/felipsotomotiv.com\/index.php\/wp-json\/wp\/v2\/media?parent=2149"}],"wp:term":[{"taxonomy":"product_cat","embeddable":true,"href":"https:\/\/felipsotomotiv.com\/index.php\/wp-json\/wp\/v2\/product_cat?post=2149"},{"taxonomy":"product_tag","embeddable":true,"href":"https:\/\/felipsotomotiv.com\/index.php\/wp-json\/wp\/v2\/product_tag?post=2149"}],"curies":[{"name":"wp","href":"https:\/\/api.w.org\/{rel}","templated":true}]}}