{"id":2155,"date":"2024-07-19T15:34:50","date_gmt":"2024-07-19T12:34:50","guid":{"rendered":"https:\/\/felipsotomotiv.com\/?post_type=product&#038;p=2155"},"modified":"2024-07-19T15:36:10","modified_gmt":"2024-07-19T12:36:10","slug":"fbdf201-daf-icin-sineklik-xf-xg-xg","status":"publish","type":"product","link":"https:\/\/felipsotomotiv.com\/index.php\/urun\/fbdf201-daf-icin-sineklik-xf-xg-xg\/","title":{"rendered":"FBDF201 DAF \u0130\u00c7\u0130N S\u0130NEKL\u0130K XF\/XG\/XG+"},"content":{"rendered":"","protected":false},"excerpt":{"rendered":"","protected":false},"featured_media":2156,"comment_status":"open","ping_status":"closed","template":"","meta":[],"product_cat":[42],"product_tag":[],"class_list":["post-2155","product","type-product","status-publish","has-post-thumbnail","hentry","product_cat-fiber-rtm"],"_links":{"self":[{"href":"https:\/\/felipsotomotiv.com\/index.php\/wp-json\/wp\/v3\/product\/2155","targetHints":{"allow":["GET"]}}],"collection":[{"href":"https:\/\/felipsotomotiv.com\/index.php\/wp-json\/wp\/v3\/product"}],"about":[{"href":"https:\/\/felipsotomotiv.com\/index.php\/wp-json\/wp\/v2\/types\/product"}],"replies":[{"embeddable":true,"href":"https:\/\/felipsotomotiv.com\/index.php\/wp-json\/wp\/v2\/comments?post=2155"}],"wp:featuredmedia":[{"embeddable":true,"href":"https:\/\/felipsotomotiv.com\/index.php\/wp-json\/wp\/v2\/media\/2156"}],"wp:attachment":[{"href":"https:\/\/felipsotomotiv.com\/index.php\/wp-json\/wp\/v2\/media?parent=2155"}],"wp:term":[{"taxonomy":"product_cat","embeddable":true,"href":"https:\/\/felipsotomotiv.com\/index.php\/wp-json\/wp\/v2\/product_cat?post=2155"},{"taxonomy":"product_tag","embeddable":true,"href":"https:\/\/felipsotomotiv.com\/index.php\/wp-json\/wp\/v2\/product_tag?post=2155"}],"curies":[{"name":"wp","href":"https:\/\/api.w.org\/{rel}","templated":true}]}}