{"id":2161,"date":"2024-07-19T15:38:56","date_gmt":"2024-07-19T12:38:56","guid":{"rendered":"https:\/\/felipsotomotiv.com\/?post_type=product&#038;p=2161"},"modified":"2024-07-19T15:39:28","modified_gmt":"2024-07-19T12:39:28","slug":"fbmn301-man-icin-karlik-tgx-2021","status":"publish","type":"product","link":"https:\/\/felipsotomotiv.com\/index.php\/urun\/fbmn301-man-icin-karlik-tgx-2021\/","title":{"rendered":"FBMN301 MAN \u0130\u00c7\u0130N KARLIK TGX 2021+"},"content":{"rendered":"","protected":false},"excerpt":{"rendered":"","protected":false},"featured_media":2162,"comment_status":"open","ping_status":"closed","template":"","meta":[],"product_cat":[42],"product_tag":[],"class_list":["post-2161","product","type-product","status-publish","has-post-thumbnail","hentry","product_cat-fiber-rtm"],"_links":{"self":[{"href":"https:\/\/felipsotomotiv.com\/index.php\/wp-json\/wp\/v3\/product\/2161","targetHints":{"allow":["GET"]}}],"collection":[{"href":"https:\/\/felipsotomotiv.com\/index.php\/wp-json\/wp\/v3\/product"}],"about":[{"href":"https:\/\/felipsotomotiv.com\/index.php\/wp-json\/wp\/v2\/types\/product"}],"replies":[{"embeddable":true,"href":"https:\/\/felipsotomotiv.com\/index.php\/wp-json\/wp\/v2\/comments?post=2161"}],"wp:featuredmedia":[{"embeddable":true,"href":"https:\/\/felipsotomotiv.com\/index.php\/wp-json\/wp\/v2\/media\/2162"}],"wp:attachment":[{"href":"https:\/\/felipsotomotiv.com\/index.php\/wp-json\/wp\/v2\/media?parent=2161"}],"wp:term":[{"taxonomy":"product_cat","embeddable":true,"href":"https:\/\/felipsotomotiv.com\/index.php\/wp-json\/wp\/v2\/product_cat?post=2161"},{"taxonomy":"product_tag","embeddable":true,"href":"https:\/\/felipsotomotiv.com\/index.php\/wp-json\/wp\/v2\/product_tag?post=2161"}],"curies":[{"name":"wp","href":"https:\/\/api.w.org\/{rel}","templated":true}]}}