{"id":2178,"date":"2024-07-23T10:58:54","date_gmt":"2024-07-23T07:58:54","guid":{"rendered":"https:\/\/felipsotomotiv.com\/?post_type=product&#038;p=2178"},"modified":"2024-07-23T11:04:14","modified_gmt":"2024-07-23T08:04:14","slug":"fun106-bijon-kapagi-32-mm-mavi","status":"publish","type":"product","link":"https:\/\/felipsotomotiv.com\/index.php\/urun\/fun106-bijon-kapagi-32-mm-mavi\/","title":{"rendered":"FUN106 B\u0130JON KAPA\u011eI 32 MM MAV\u0130"},"content":{"rendered":"","protected":false},"excerpt":{"rendered":"","protected":false},"featured_media":2179,"comment_status":"open","ping_status":"closed","template":"","meta":[],"product_cat":[43],"product_tag":[],"class_list":["post-2178","product","type-product","status-publish","has-post-thumbnail","hentry","product_cat-bijon"],"_links":{"self":[{"href":"https:\/\/felipsotomotiv.com\/index.php\/wp-json\/wp\/v3\/product\/2178","targetHints":{"allow":["GET"]}}],"collection":[{"href":"https:\/\/felipsotomotiv.com\/index.php\/wp-json\/wp\/v3\/product"}],"about":[{"href":"https:\/\/felipsotomotiv.com\/index.php\/wp-json\/wp\/v2\/types\/product"}],"replies":[{"embeddable":true,"href":"https:\/\/felipsotomotiv.com\/index.php\/wp-json\/wp\/v2\/comments?post=2178"}],"wp:featuredmedia":[{"embeddable":true,"href":"https:\/\/felipsotomotiv.com\/index.php\/wp-json\/wp\/v2\/media\/2179"}],"wp:attachment":[{"href":"https:\/\/felipsotomotiv.com\/index.php\/wp-json\/wp\/v2\/media?parent=2178"}],"wp:term":[{"taxonomy":"product_cat","embeddable":true,"href":"https:\/\/felipsotomotiv.com\/index.php\/wp-json\/wp\/v2\/product_cat?post=2178"},{"taxonomy":"product_tag","embeddable":true,"href":"https:\/\/felipsotomotiv.com\/index.php\/wp-json\/wp\/v2\/product_tag?post=2178"}],"curies":[{"name":"wp","href":"https:\/\/api.w.org\/{rel}","templated":true}]}}