{"id":2202,"date":"2024-07-23T14:40:57","date_gmt":"2024-07-23T11:40:57","guid":{"rendered":"https:\/\/felipsotomotiv.com\/?post_type=product&#038;p=2202"},"modified":"2024-07-23T14:41:43","modified_gmt":"2024-07-23T11:41:43","slug":"fun130-sivri-bijon-kapagi-32-mm-kirmizi-kopya","status":"publish","type":"product","link":"https:\/\/felipsotomotiv.com\/index.php\/urun\/fun130-sivri-bijon-kapagi-32-mm-kirmizi-kopya\/","title":{"rendered":"FUN130 S\u0130VR\u0130 B\u0130JON KAPA\u011eI 33 MM KIRMIZI"},"content":{"rendered":"","protected":false},"excerpt":{"rendered":"","protected":false},"featured_media":2194,"comment_status":"open","ping_status":"closed","template":"","meta":[],"product_cat":[43],"product_tag":[],"class_list":["post-2202","product","type-product","status-publish","has-post-thumbnail","hentry","product_cat-bijon"],"_links":{"self":[{"href":"https:\/\/felipsotomotiv.com\/index.php\/wp-json\/wp\/v3\/product\/2202","targetHints":{"allow":["GET"]}}],"collection":[{"href":"https:\/\/felipsotomotiv.com\/index.php\/wp-json\/wp\/v3\/product"}],"about":[{"href":"https:\/\/felipsotomotiv.com\/index.php\/wp-json\/wp\/v2\/types\/product"}],"replies":[{"embeddable":true,"href":"https:\/\/felipsotomotiv.com\/index.php\/wp-json\/wp\/v2\/comments?post=2202"}],"wp:featuredmedia":[{"embeddable":true,"href":"https:\/\/felipsotomotiv.com\/index.php\/wp-json\/wp\/v2\/media\/2194"}],"wp:attachment":[{"href":"https:\/\/felipsotomotiv.com\/index.php\/wp-json\/wp\/v2\/media?parent=2202"}],"wp:term":[{"taxonomy":"product_cat","embeddable":true,"href":"https:\/\/felipsotomotiv.com\/index.php\/wp-json\/wp\/v2\/product_cat?post=2202"},{"taxonomy":"product_tag","embeddable":true,"href":"https:\/\/felipsotomotiv.com\/index.php\/wp-json\/wp\/v2\/product_tag?post=2202"}],"curies":[{"name":"wp","href":"https:\/\/api.w.org\/{rel}","templated":true}]}}