{"id":2203,"date":"2024-07-23T15:00:59","date_gmt":"2024-07-23T12:00:59","guid":{"rendered":"https:\/\/felipsotomotiv.com\/?post_type=product&#038;p=2203"},"modified":"2024-07-23T15:26:28","modified_gmt":"2024-07-23T12:26:28","slug":"fun131-sivri-bijon-kapagi-33-mm-sari","status":"publish","type":"product","link":"https:\/\/felipsotomotiv.com\/index.php\/urun\/fun131-sivri-bijon-kapagi-33-mm-sari\/","title":{"rendered":"FUN131 S\u0130VR\u0130 B\u0130JON KAPA\u011eI 33 MM SARI"},"content":{"rendered":"","protected":false},"excerpt":{"rendered":"","protected":false},"featured_media":2196,"comment_status":"open","ping_status":"closed","template":"","meta":[],"product_cat":[43],"product_tag":[],"class_list":["post-2203","product","type-product","status-publish","has-post-thumbnail","hentry","product_cat-bijon"],"_links":{"self":[{"href":"https:\/\/felipsotomotiv.com\/index.php\/wp-json\/wp\/v3\/product\/2203","targetHints":{"allow":["GET"]}}],"collection":[{"href":"https:\/\/felipsotomotiv.com\/index.php\/wp-json\/wp\/v3\/product"}],"about":[{"href":"https:\/\/felipsotomotiv.com\/index.php\/wp-json\/wp\/v2\/types\/product"}],"replies":[{"embeddable":true,"href":"https:\/\/felipsotomotiv.com\/index.php\/wp-json\/wp\/v2\/comments?post=2203"}],"wp:featuredmedia":[{"embeddable":true,"href":"https:\/\/felipsotomotiv.com\/index.php\/wp-json\/wp\/v2\/media\/2196"}],"wp:attachment":[{"href":"https:\/\/felipsotomotiv.com\/index.php\/wp-json\/wp\/v2\/media?parent=2203"}],"wp:term":[{"taxonomy":"product_cat","embeddable":true,"href":"https:\/\/felipsotomotiv.com\/index.php\/wp-json\/wp\/v2\/product_cat?post=2203"},{"taxonomy":"product_tag","embeddable":true,"href":"https:\/\/felipsotomotiv.com\/index.php\/wp-json\/wp\/v2\/product_tag?post=2203"}],"curies":[{"name":"wp","href":"https:\/\/api.w.org\/{rel}","templated":true}]}}