{"id":2234,"date":"2024-07-24T10:13:32","date_gmt":"2024-07-24T07:13:32","guid":{"rendered":"https:\/\/felipsotomotiv.com\/?post_type=product&#038;p=2234"},"modified":"2024-07-24T10:16:05","modified_gmt":"2024-07-24T07:16:05","slug":"ftvo103-volvo-icin-borulu-sineklik-kromu-fh2-fh3","status":"publish","type":"product","link":"https:\/\/felipsotomotiv.com\/index.php\/urun\/ftvo103-volvo-icin-borulu-sineklik-kromu-fh2-fh3\/","title":{"rendered":"FTVO103 VOLVO \u0130\u00c7\u0130N BORULU S\u0130NEKL\u0130K KROMU FH2\/FH3"},"content":{"rendered":"","protected":false},"excerpt":{"rendered":"","protected":false},"featured_media":2235,"comment_status":"open","ping_status":"closed","template":"","meta":[],"product_cat":[46],"product_tag":[],"class_list":["post-2234","product","type-product","status-publish","has-post-thumbnail","hentry","product_cat-boru"],"_links":{"self":[{"href":"https:\/\/felipsotomotiv.com\/index.php\/wp-json\/wp\/v3\/product\/2234","targetHints":{"allow":["GET"]}}],"collection":[{"href":"https:\/\/felipsotomotiv.com\/index.php\/wp-json\/wp\/v3\/product"}],"about":[{"href":"https:\/\/felipsotomotiv.com\/index.php\/wp-json\/wp\/v2\/types\/product"}],"replies":[{"embeddable":true,"href":"https:\/\/felipsotomotiv.com\/index.php\/wp-json\/wp\/v2\/comments?post=2234"}],"wp:featuredmedia":[{"embeddable":true,"href":"https:\/\/felipsotomotiv.com\/index.php\/wp-json\/wp\/v2\/media\/2235"}],"wp:attachment":[{"href":"https:\/\/felipsotomotiv.com\/index.php\/wp-json\/wp\/v2\/media?parent=2234"}],"wp:term":[{"taxonomy":"product_cat","embeddable":true,"href":"https:\/\/felipsotomotiv.com\/index.php\/wp-json\/wp\/v2\/product_cat?post=2234"},{"taxonomy":"product_tag","embeddable":true,"href":"https:\/\/felipsotomotiv.com\/index.php\/wp-json\/wp\/v2\/product_tag?post=2234"}],"curies":[{"name":"wp","href":"https:\/\/api.w.org\/{rel}","templated":true}]}}