{"id":2249,"date":"2024-11-04T13:36:43","date_gmt":"2024-11-04T10:36:43","guid":{"rendered":"https:\/\/felipsotomotiv.com\/?post_type=product&#038;p=2249"},"modified":"2025-08-26T17:29:08","modified_gmt":"2025-08-26T14:29:08","slug":"fpsc102-scania-streamline-icin-guneslik-5-led-soketli","status":"publish","type":"product","link":"https:\/\/felipsotomotiv.com\/index.php\/urun\/fpsc102-scania-streamline-icin-guneslik-5-led-soketli\/","title":{"rendered":"FPSC102 SCANIA STREAMLINE \u0130\u00c7\u0130N B\u00dcT\u00dcN G\u00dcNE\u015eL\u0130K 5 LED SOKETL\u0130"},"content":{"rendered":"","protected":false},"excerpt":{"rendered":"<p>Plastik bir \u00fcr\u00fcnd\u00fcr.<\/p>\n","protected":false},"featured_media":2250,"comment_status":"open","ping_status":"closed","template":"","meta":[],"product_cat":[42,47],"product_tag":[],"class_list":["post-2249","product","type-product","status-publish","has-post-thumbnail","hentry","product_cat-fiber-rtm","product_cat-yeni-urun"],"_links":{"self":[{"href":"https:\/\/felipsotomotiv.com\/index.php\/wp-json\/wp\/v3\/product\/2249","targetHints":{"allow":["GET"]}}],"collection":[{"href":"https:\/\/felipsotomotiv.com\/index.php\/wp-json\/wp\/v3\/product"}],"about":[{"href":"https:\/\/felipsotomotiv.com\/index.php\/wp-json\/wp\/v2\/types\/product"}],"replies":[{"embeddable":true,"href":"https:\/\/felipsotomotiv.com\/index.php\/wp-json\/wp\/v2\/comments?post=2249"}],"wp:featuredmedia":[{"embeddable":true,"href":"https:\/\/felipsotomotiv.com\/index.php\/wp-json\/wp\/v2\/media\/2250"}],"wp:attachment":[{"href":"https:\/\/felipsotomotiv.com\/index.php\/wp-json\/wp\/v2\/media?parent=2249"}],"wp:term":[{"taxonomy":"product_cat","embeddable":true,"href":"https:\/\/felipsotomotiv.com\/index.php\/wp-json\/wp\/v2\/product_cat?post=2249"},{"taxonomy":"product_tag","embeddable":true,"href":"https:\/\/felipsotomotiv.com\/index.php\/wp-json\/wp\/v2\/product_tag?post=2249"}],"curies":[{"name":"wp","href":"https:\/\/api.w.org\/{rel}","templated":true}]}}