{"id":2260,"date":"2024-11-05T15:05:18","date_gmt":"2024-11-05T12:05:18","guid":{"rendered":"https:\/\/felipsotomotiv.com\/?post_type=product&#038;p=2260"},"modified":"2025-08-26T17:28:08","modified_gmt":"2025-08-26T14:28:08","slug":"fpsc123-scania-ng-s-r-icin-guneslik","status":"publish","type":"product","link":"https:\/\/felipsotomotiv.com\/index.php\/urun\/fpsc123-scania-ng-s-r-icin-guneslik\/","title":{"rendered":"FPSC123 SCANIA NG S\/R \u0130\u00c7\u0130N B\u00dcT\u00dcN G\u00dcNE\u015eL\u0130K"},"content":{"rendered":"","protected":false},"excerpt":{"rendered":"<p>Plastik bir \u00fcr\u00fcnd\u00fcr.<\/p>\n","protected":false},"featured_media":2261,"comment_status":"open","ping_status":"closed","template":"","meta":[],"product_cat":[42,47],"product_tag":[],"class_list":["post-2260","product","type-product","status-publish","has-post-thumbnail","hentry","product_cat-fiber-rtm","product_cat-yeni-urun"],"_links":{"self":[{"href":"https:\/\/felipsotomotiv.com\/index.php\/wp-json\/wp\/v3\/product\/2260","targetHints":{"allow":["GET"]}}],"collection":[{"href":"https:\/\/felipsotomotiv.com\/index.php\/wp-json\/wp\/v3\/product"}],"about":[{"href":"https:\/\/felipsotomotiv.com\/index.php\/wp-json\/wp\/v2\/types\/product"}],"replies":[{"embeddable":true,"href":"https:\/\/felipsotomotiv.com\/index.php\/wp-json\/wp\/v2\/comments?post=2260"}],"wp:featuredmedia":[{"embeddable":true,"href":"https:\/\/felipsotomotiv.com\/index.php\/wp-json\/wp\/v2\/media\/2261"}],"wp:attachment":[{"href":"https:\/\/felipsotomotiv.com\/index.php\/wp-json\/wp\/v2\/media?parent=2260"}],"wp:term":[{"taxonomy":"product_cat","embeddable":true,"href":"https:\/\/felipsotomotiv.com\/index.php\/wp-json\/wp\/v2\/product_cat?post=2260"},{"taxonomy":"product_tag","embeddable":true,"href":"https:\/\/felipsotomotiv.com\/index.php\/wp-json\/wp\/v2\/product_tag?post=2260"}],"curies":[{"name":"wp","href":"https:\/\/api.w.org\/{rel}","templated":true}]}}