{"id":2290,"date":"2024-11-13T15:59:40","date_gmt":"2024-11-13T12:59:40","guid":{"rendered":"https:\/\/felipsotomotiv.com\/?post_type=product&#038;p=2290"},"modified":"2024-11-13T16:01:40","modified_gmt":"2024-11-13T13:01:40","slug":"fpsc826-scania-ng-sc-s-r-icin-ust-panjur-kapagi","status":"publish","type":"product","link":"https:\/\/felipsotomotiv.com\/index.php\/urun\/fpsc826-scania-ng-sc-s-r-icin-ust-panjur-kapagi\/","title":{"rendered":"FPSC826 SCANIA NG SC S\/R \u0130\u00c7\u0130N \u00dcST PANJUR KAPA\u011eI"},"content":{"rendered":"","protected":false},"excerpt":{"rendered":"<div class=\"woocommerce-product-details__short-description\">\n<p>Plastik bir \u00fcr\u00fcnd\u00fcr.<\/p>\n<\/div>\n","protected":false},"featured_media":2291,"comment_status":"open","ping_status":"closed","template":"","meta":[],"product_cat":[41,47],"product_tag":[],"class_list":["post-2290","product","type-product","status-publish","has-post-thumbnail","hentry","product_cat-plastik","product_cat-yeni-urun"],"_links":{"self":[{"href":"https:\/\/felipsotomotiv.com\/index.php\/wp-json\/wp\/v3\/product\/2290","targetHints":{"allow":["GET"]}}],"collection":[{"href":"https:\/\/felipsotomotiv.com\/index.php\/wp-json\/wp\/v3\/product"}],"about":[{"href":"https:\/\/felipsotomotiv.com\/index.php\/wp-json\/wp\/v2\/types\/product"}],"replies":[{"embeddable":true,"href":"https:\/\/felipsotomotiv.com\/index.php\/wp-json\/wp\/v2\/comments?post=2290"}],"wp:featuredmedia":[{"embeddable":true,"href":"https:\/\/felipsotomotiv.com\/index.php\/wp-json\/wp\/v2\/media\/2291"}],"wp:attachment":[{"href":"https:\/\/felipsotomotiv.com\/index.php\/wp-json\/wp\/v2\/media?parent=2290"}],"wp:term":[{"taxonomy":"product_cat","embeddable":true,"href":"https:\/\/felipsotomotiv.com\/index.php\/wp-json\/wp\/v2\/product_cat?post=2290"},{"taxonomy":"product_tag","embeddable":true,"href":"https:\/\/felipsotomotiv.com\/index.php\/wp-json\/wp\/v2\/product_tag?post=2290"}],"curies":[{"name":"wp","href":"https:\/\/api.w.org\/{rel}","templated":true}]}}