{"id":2296,"date":"2024-11-15T11:38:55","date_gmt":"2024-11-15T08:38:55","guid":{"rendered":"https:\/\/felipsotomotiv.com\/?post_type=product&#038;p=2296"},"modified":"2025-08-26T17:26:09","modified_gmt":"2025-08-26T14:26:09","slug":"fpvo101-volvo-fh4-fh5-icin-butun-guneslik","status":"publish","type":"product","link":"https:\/\/felipsotomotiv.com\/index.php\/urun\/fpvo101-volvo-fh4-fh5-icin-butun-guneslik\/","title":{"rendered":"FPVO101 VOLVO FH4\/FH5 \u0130\u00c7\u0130N B\u00dcT\u00dcN G\u00dcNE\u015eL\u0130K"},"content":{"rendered":"","protected":false},"excerpt":{"rendered":"<div class=\"woocommerce-product-details__short-description\">\n<p>Plastik bir \u00fcr\u00fcnd\u00fcr.<\/p>\n<\/div>\n","protected":false},"featured_media":2297,"comment_status":"open","ping_status":"closed","template":"","meta":[],"product_cat":[42,47],"product_tag":[],"class_list":["post-2296","product","type-product","status-publish","has-post-thumbnail","hentry","product_cat-fiber-rtm","product_cat-yeni-urun"],"_links":{"self":[{"href":"https:\/\/felipsotomotiv.com\/index.php\/wp-json\/wp\/v3\/product\/2296","targetHints":{"allow":["GET"]}}],"collection":[{"href":"https:\/\/felipsotomotiv.com\/index.php\/wp-json\/wp\/v3\/product"}],"about":[{"href":"https:\/\/felipsotomotiv.com\/index.php\/wp-json\/wp\/v2\/types\/product"}],"replies":[{"embeddable":true,"href":"https:\/\/felipsotomotiv.com\/index.php\/wp-json\/wp\/v2\/comments?post=2296"}],"wp:featuredmedia":[{"embeddable":true,"href":"https:\/\/felipsotomotiv.com\/index.php\/wp-json\/wp\/v2\/media\/2297"}],"wp:attachment":[{"href":"https:\/\/felipsotomotiv.com\/index.php\/wp-json\/wp\/v2\/media?parent=2296"}],"wp:term":[{"taxonomy":"product_cat","embeddable":true,"href":"https:\/\/felipsotomotiv.com\/index.php\/wp-json\/wp\/v2\/product_cat?post=2296"},{"taxonomy":"product_tag","embeddable":true,"href":"https:\/\/felipsotomotiv.com\/index.php\/wp-json\/wp\/v2\/product_tag?post=2296"}],"curies":[{"name":"wp","href":"https:\/\/api.w.org\/{rel}","templated":true}]}}