{"id":2314,"date":"2024-11-15T14:16:56","date_gmt":"2024-11-15T11:16:56","guid":{"rendered":"https:\/\/felipsotomotiv.com\/?post_type=product&#038;p=2314"},"modified":"2024-11-15T15:22:18","modified_gmt":"2024-11-15T12:22:18","slug":"fpdf801-daf-xg-xg-icin-cizgili-kose-deflektoru","status":"publish","type":"product","link":"https:\/\/felipsotomotiv.com\/index.php\/urun\/fpdf801-daf-xg-xg-icin-cizgili-kose-deflektoru\/","title":{"rendered":"FPDF801 DAF XG\/XG+ \u0130\u00c7\u0130N \u00c7\u0130ZG\u0130L\u0130 K\u00d6\u015eE DEFLEKT\u00d6R\u00dc"},"content":{"rendered":"","protected":false},"excerpt":{"rendered":"<div class=\"woocommerce-product-details__short-description\">\n<p>Plastik bir \u00fcr\u00fcnd\u00fcr.<\/p>\n<\/div>\n","protected":false},"featured_media":2315,"comment_status":"open","ping_status":"closed","template":"","meta":[],"product_cat":[41,47],"product_tag":[],"class_list":["post-2314","product","type-product","status-publish","has-post-thumbnail","hentry","product_cat-plastik","product_cat-yeni-urun"],"_links":{"self":[{"href":"https:\/\/felipsotomotiv.com\/index.php\/wp-json\/wp\/v3\/product\/2314","targetHints":{"allow":["GET"]}}],"collection":[{"href":"https:\/\/felipsotomotiv.com\/index.php\/wp-json\/wp\/v3\/product"}],"about":[{"href":"https:\/\/felipsotomotiv.com\/index.php\/wp-json\/wp\/v2\/types\/product"}],"replies":[{"embeddable":true,"href":"https:\/\/felipsotomotiv.com\/index.php\/wp-json\/wp\/v2\/comments?post=2314"}],"wp:featuredmedia":[{"embeddable":true,"href":"https:\/\/felipsotomotiv.com\/index.php\/wp-json\/wp\/v2\/media\/2315"}],"wp:attachment":[{"href":"https:\/\/felipsotomotiv.com\/index.php\/wp-json\/wp\/v2\/media?parent=2314"}],"wp:term":[{"taxonomy":"product_cat","embeddable":true,"href":"https:\/\/felipsotomotiv.com\/index.php\/wp-json\/wp\/v2\/product_cat?post=2314"},{"taxonomy":"product_tag","embeddable":true,"href":"https:\/\/felipsotomotiv.com\/index.php\/wp-json\/wp\/v2\/product_tag?post=2314"}],"curies":[{"name":"wp","href":"https:\/\/api.w.org\/{rel}","templated":true}]}}