{"id":2359,"date":"2024-11-27T11:42:29","date_gmt":"2024-11-27T08:42:29","guid":{"rendered":"https:\/\/felipsotomotiv.com\/?post_type=product&#038;p=2359"},"modified":"2025-02-26T13:16:19","modified_gmt":"2025-02-26T10:16:19","slug":"fbsc305-scania-icin-karlik-model-2-buyuk-ng","status":"publish","type":"product","link":"https:\/\/felipsotomotiv.com\/index.php\/urun\/fbsc305-scania-icin-karlik-model-2-buyuk-ng\/","title":{"rendered":"FBSC305 SCANIA \u0130\u00c7\u0130N KARLIK MODEL 2 (B\u00dcY\u00dcK) NG"},"content":{"rendered":"","protected":false},"excerpt":{"rendered":"<div class=\"woocommerce-product-details__short-description\">\n<p>Fiberglass bir \u00fcr\u00fcnd\u00fcr.<\/p>\n<\/div>\n","protected":false},"featured_media":2360,"comment_status":"open","ping_status":"closed","template":"","meta":[],"product_cat":[42,47],"product_tag":[],"class_list":["post-2359","product","type-product","status-publish","has-post-thumbnail","hentry","product_cat-fiber-rtm","product_cat-yeni-urun"],"_links":{"self":[{"href":"https:\/\/felipsotomotiv.com\/index.php\/wp-json\/wp\/v3\/product\/2359","targetHints":{"allow":["GET"]}}],"collection":[{"href":"https:\/\/felipsotomotiv.com\/index.php\/wp-json\/wp\/v3\/product"}],"about":[{"href":"https:\/\/felipsotomotiv.com\/index.php\/wp-json\/wp\/v2\/types\/product"}],"replies":[{"embeddable":true,"href":"https:\/\/felipsotomotiv.com\/index.php\/wp-json\/wp\/v2\/comments?post=2359"}],"wp:featuredmedia":[{"embeddable":true,"href":"https:\/\/felipsotomotiv.com\/index.php\/wp-json\/wp\/v2\/media\/2360"}],"wp:attachment":[{"href":"https:\/\/felipsotomotiv.com\/index.php\/wp-json\/wp\/v2\/media?parent=2359"}],"wp:term":[{"taxonomy":"product_cat","embeddable":true,"href":"https:\/\/felipsotomotiv.com\/index.php\/wp-json\/wp\/v2\/product_cat?post=2359"},{"taxonomy":"product_tag","embeddable":true,"href":"https:\/\/felipsotomotiv.com\/index.php\/wp-json\/wp\/v2\/product_tag?post=2359"}],"curies":[{"name":"wp","href":"https:\/\/api.w.org\/{rel}","templated":true}]}}