{"id":237,"date":"2024-04-21T02:18:13","date_gmt":"2024-04-20T23:18:13","guid":{"rendered":"http:\/\/felipsotomotiv.com\/?post_type=product&#038;p=237"},"modified":"2025-03-18T13:33:02","modified_gmt":"2025-03-18T10:33:02","slug":"camurluk-etrafi-kromu-fdf167","status":"publish","type":"product","link":"https:\/\/felipsotomotiv.com\/index.php\/urun\/camurluk-etrafi-kromu-fdf167\/","title":{"rendered":"FDF167 DAF \u0130\u00c7\u0130N \u00c7AMURLUK ETRAFI KROMU XF\/XG\/XG+ 2021+"},"content":{"rendered":"","protected":false},"excerpt":{"rendered":"<p>XG<\/p>\n","protected":false},"featured_media":1908,"comment_status":"open","ping_status":"closed","template":"","meta":[],"product_cat":[30],"product_tag":[],"class_list":["post-237","product","type-product","status-publish","has-post-thumbnail","hentry","product_cat-xf-xg-xg-2021"],"_links":{"self":[{"href":"https:\/\/felipsotomotiv.com\/index.php\/wp-json\/wp\/v3\/product\/237","targetHints":{"allow":["GET"]}}],"collection":[{"href":"https:\/\/felipsotomotiv.com\/index.php\/wp-json\/wp\/v3\/product"}],"about":[{"href":"https:\/\/felipsotomotiv.com\/index.php\/wp-json\/wp\/v2\/types\/product"}],"replies":[{"embeddable":true,"href":"https:\/\/felipsotomotiv.com\/index.php\/wp-json\/wp\/v2\/comments?post=237"}],"wp:featuredmedia":[{"embeddable":true,"href":"https:\/\/felipsotomotiv.com\/index.php\/wp-json\/wp\/v2\/media\/1908"}],"wp:attachment":[{"href":"https:\/\/felipsotomotiv.com\/index.php\/wp-json\/wp\/v2\/media?parent=237"}],"wp:term":[{"taxonomy":"product_cat","embeddable":true,"href":"https:\/\/felipsotomotiv.com\/index.php\/wp-json\/wp\/v2\/product_cat?post=237"},{"taxonomy":"product_tag","embeddable":true,"href":"https:\/\/felipsotomotiv.com\/index.php\/wp-json\/wp\/v2\/product_tag?post=237"}],"curies":[{"name":"wp","href":"https:\/\/api.w.org\/{rel}","templated":true}]}}