{"id":2389,"date":"2024-12-26T17:23:14","date_gmt":"2024-12-26T14:23:14","guid":{"rendered":"https:\/\/felipsotomotiv.com\/?post_type=product&#038;p=2389"},"modified":"2024-12-30T11:51:38","modified_gmt":"2024-12-30T08:51:38","slug":"fm111w-mercedes-benz-icin-siyah-pacalik","status":"publish","type":"product","link":"https:\/\/felipsotomotiv.com\/index.php\/urun\/fm111w-mercedes-benz-icin-siyah-pacalik\/","title":{"rendered":"FM111W MERCEDES-BENZ \u0130\u00c7\u0130N S\u0130YAH PA\u00c7ALIK"},"content":{"rendered":"","protected":false},"excerpt":{"rendered":"","protected":false},"featured_media":2434,"comment_status":"open","ping_status":"closed","template":"","meta":[],"product_cat":[48],"product_tag":[],"class_list":["post-2389","product","type-product","status-publish","has-post-thumbnail","hentry","product_cat-pacalik"],"_links":{"self":[{"href":"https:\/\/felipsotomotiv.com\/index.php\/wp-json\/wp\/v3\/product\/2389","targetHints":{"allow":["GET"]}}],"collection":[{"href":"https:\/\/felipsotomotiv.com\/index.php\/wp-json\/wp\/v3\/product"}],"about":[{"href":"https:\/\/felipsotomotiv.com\/index.php\/wp-json\/wp\/v2\/types\/product"}],"replies":[{"embeddable":true,"href":"https:\/\/felipsotomotiv.com\/index.php\/wp-json\/wp\/v2\/comments?post=2389"}],"wp:featuredmedia":[{"embeddable":true,"href":"https:\/\/felipsotomotiv.com\/index.php\/wp-json\/wp\/v2\/media\/2434"}],"wp:attachment":[{"href":"https:\/\/felipsotomotiv.com\/index.php\/wp-json\/wp\/v2\/media?parent=2389"}],"wp:term":[{"taxonomy":"product_cat","embeddable":true,"href":"https:\/\/felipsotomotiv.com\/index.php\/wp-json\/wp\/v2\/product_cat?post=2389"},{"taxonomy":"product_tag","embeddable":true,"href":"https:\/\/felipsotomotiv.com\/index.php\/wp-json\/wp\/v2\/product_tag?post=2389"}],"curies":[{"name":"wp","href":"https:\/\/api.w.org\/{rel}","templated":true}]}}