{"id":2391,"date":"2024-12-27T08:30:52","date_gmt":"2024-12-27T05:30:52","guid":{"rendered":"https:\/\/felipsotomotiv.com\/?post_type=product&#038;p=2391"},"modified":"2024-12-27T08:32:16","modified_gmt":"2024-12-27T05:32:16","slug":"fm121b-volvo-icin-siyah-pacalik","status":"publish","type":"product","link":"https:\/\/felipsotomotiv.com\/index.php\/urun\/fm121b-volvo-icin-siyah-pacalik\/","title":{"rendered":"FM121B VOLVO \u0130\u00c7\u0130N S\u0130YAH PA\u00c7ALIK"},"content":{"rendered":"","protected":false},"excerpt":{"rendered":"","protected":false},"featured_media":2392,"comment_status":"open","ping_status":"closed","template":"","meta":[],"product_cat":[48],"product_tag":[],"class_list":["post-2391","product","type-product","status-publish","has-post-thumbnail","hentry","product_cat-pacalik"],"_links":{"self":[{"href":"https:\/\/felipsotomotiv.com\/index.php\/wp-json\/wp\/v3\/product\/2391","targetHints":{"allow":["GET"]}}],"collection":[{"href":"https:\/\/felipsotomotiv.com\/index.php\/wp-json\/wp\/v3\/product"}],"about":[{"href":"https:\/\/felipsotomotiv.com\/index.php\/wp-json\/wp\/v2\/types\/product"}],"replies":[{"embeddable":true,"href":"https:\/\/felipsotomotiv.com\/index.php\/wp-json\/wp\/v2\/comments?post=2391"}],"wp:featuredmedia":[{"embeddable":true,"href":"https:\/\/felipsotomotiv.com\/index.php\/wp-json\/wp\/v2\/media\/2392"}],"wp:attachment":[{"href":"https:\/\/felipsotomotiv.com\/index.php\/wp-json\/wp\/v2\/media?parent=2391"}],"wp:term":[{"taxonomy":"product_cat","embeddable":true,"href":"https:\/\/felipsotomotiv.com\/index.php\/wp-json\/wp\/v2\/product_cat?post=2391"},{"taxonomy":"product_tag","embeddable":true,"href":"https:\/\/felipsotomotiv.com\/index.php\/wp-json\/wp\/v2\/product_tag?post=2391"}],"curies":[{"name":"wp","href":"https:\/\/api.w.org\/{rel}","templated":true}]}}