{"id":2399,"date":"2024-12-27T10:28:24","date_gmt":"2024-12-27T07:28:24","guid":{"rendered":"https:\/\/felipsotomotiv.com\/?post_type=product&#038;p=2399"},"modified":"2024-12-27T10:29:03","modified_gmt":"2024-12-27T07:29:03","slug":"fm131b-daf-icin-siyah-pacalik","status":"publish","type":"product","link":"https:\/\/felipsotomotiv.com\/index.php\/urun\/fm131b-daf-icin-siyah-pacalik\/","title":{"rendered":"FM131B DAF \u0130\u00c7\u0130N S\u0130YAH PA\u00c7ALIK"},"content":{"rendered":"","protected":false},"excerpt":{"rendered":"","protected":false},"featured_media":2397,"comment_status":"open","ping_status":"closed","template":"","meta":[],"product_cat":[48],"product_tag":[],"class_list":["post-2399","product","type-product","status-publish","has-post-thumbnail","hentry","product_cat-pacalik"],"_links":{"self":[{"href":"https:\/\/felipsotomotiv.com\/index.php\/wp-json\/wp\/v3\/product\/2399","targetHints":{"allow":["GET"]}}],"collection":[{"href":"https:\/\/felipsotomotiv.com\/index.php\/wp-json\/wp\/v3\/product"}],"about":[{"href":"https:\/\/felipsotomotiv.com\/index.php\/wp-json\/wp\/v2\/types\/product"}],"replies":[{"embeddable":true,"href":"https:\/\/felipsotomotiv.com\/index.php\/wp-json\/wp\/v2\/comments?post=2399"}],"wp:featuredmedia":[{"embeddable":true,"href":"https:\/\/felipsotomotiv.com\/index.php\/wp-json\/wp\/v2\/media\/2397"}],"wp:attachment":[{"href":"https:\/\/felipsotomotiv.com\/index.php\/wp-json\/wp\/v2\/media?parent=2399"}],"wp:term":[{"taxonomy":"product_cat","embeddable":true,"href":"https:\/\/felipsotomotiv.com\/index.php\/wp-json\/wp\/v2\/product_cat?post=2399"},{"taxonomy":"product_tag","embeddable":true,"href":"https:\/\/felipsotomotiv.com\/index.php\/wp-json\/wp\/v2\/product_tag?post=2399"}],"curies":[{"name":"wp","href":"https:\/\/api.w.org\/{rel}","templated":true}]}}