{"id":2414,"date":"2024-12-27T11:45:56","date_gmt":"2024-12-27T08:45:56","guid":{"rendered":"https:\/\/felipsotomotiv.com\/?post_type=product&#038;p=2414"},"modified":"2024-12-27T11:47:19","modified_gmt":"2024-12-27T08:47:19","slug":"fm181b-iveco-icin-siyah-pacalik","status":"publish","type":"product","link":"https:\/\/felipsotomotiv.com\/index.php\/urun\/fm181b-iveco-icin-siyah-pacalik\/","title":{"rendered":"FM181B IVECO \u0130\u00c7\u0130N S\u0130YAH PA\u00c7ALIK"},"content":{"rendered":"","protected":false},"excerpt":{"rendered":"","protected":false},"featured_media":2415,"comment_status":"open","ping_status":"closed","template":"","meta":[],"product_cat":[48],"product_tag":[],"class_list":["post-2414","product","type-product","status-publish","has-post-thumbnail","hentry","product_cat-pacalik"],"_links":{"self":[{"href":"https:\/\/felipsotomotiv.com\/index.php\/wp-json\/wp\/v3\/product\/2414","targetHints":{"allow":["GET"]}}],"collection":[{"href":"https:\/\/felipsotomotiv.com\/index.php\/wp-json\/wp\/v3\/product"}],"about":[{"href":"https:\/\/felipsotomotiv.com\/index.php\/wp-json\/wp\/v2\/types\/product"}],"replies":[{"embeddable":true,"href":"https:\/\/felipsotomotiv.com\/index.php\/wp-json\/wp\/v2\/comments?post=2414"}],"wp:featuredmedia":[{"embeddable":true,"href":"https:\/\/felipsotomotiv.com\/index.php\/wp-json\/wp\/v2\/media\/2415"}],"wp:attachment":[{"href":"https:\/\/felipsotomotiv.com\/index.php\/wp-json\/wp\/v2\/media?parent=2414"}],"wp:term":[{"taxonomy":"product_cat","embeddable":true,"href":"https:\/\/felipsotomotiv.com\/index.php\/wp-json\/wp\/v2\/product_cat?post=2414"},{"taxonomy":"product_tag","embeddable":true,"href":"https:\/\/felipsotomotiv.com\/index.php\/wp-json\/wp\/v2\/product_tag?post=2414"}],"curies":[{"name":"wp","href":"https:\/\/api.w.org\/{rel}","templated":true}]}}