{"id":2417,"date":"2024-12-27T11:51:51","date_gmt":"2024-12-27T08:51:51","guid":{"rendered":"https:\/\/felipsotomotiv.com\/?post_type=product&#038;p=2417"},"modified":"2024-12-27T12:00:04","modified_gmt":"2024-12-27T09:00:04","slug":"fm181w-iveco-icin-beyaz-pacalik","status":"publish","type":"product","link":"https:\/\/felipsotomotiv.com\/index.php\/urun\/fm181w-iveco-icin-beyaz-pacalik\/","title":{"rendered":"FM181W IVECO \u0130\u00c7\u0130N BEYAZ PA\u00c7ALIK"},"content":{"rendered":"","protected":false},"excerpt":{"rendered":"","protected":false},"featured_media":2416,"comment_status":"open","ping_status":"closed","template":"","meta":[],"product_cat":[48],"product_tag":[],"class_list":["post-2417","product","type-product","status-publish","has-post-thumbnail","hentry","product_cat-pacalik"],"_links":{"self":[{"href":"https:\/\/felipsotomotiv.com\/index.php\/wp-json\/wp\/v3\/product\/2417","targetHints":{"allow":["GET"]}}],"collection":[{"href":"https:\/\/felipsotomotiv.com\/index.php\/wp-json\/wp\/v3\/product"}],"about":[{"href":"https:\/\/felipsotomotiv.com\/index.php\/wp-json\/wp\/v2\/types\/product"}],"replies":[{"embeddable":true,"href":"https:\/\/felipsotomotiv.com\/index.php\/wp-json\/wp\/v2\/comments?post=2417"}],"wp:featuredmedia":[{"embeddable":true,"href":"https:\/\/felipsotomotiv.com\/index.php\/wp-json\/wp\/v2\/media\/2416"}],"wp:attachment":[{"href":"https:\/\/felipsotomotiv.com\/index.php\/wp-json\/wp\/v2\/media?parent=2417"}],"wp:term":[{"taxonomy":"product_cat","embeddable":true,"href":"https:\/\/felipsotomotiv.com\/index.php\/wp-json\/wp\/v2\/product_cat?post=2417"},{"taxonomy":"product_tag","embeddable":true,"href":"https:\/\/felipsotomotiv.com\/index.php\/wp-json\/wp\/v2\/product_tag?post=2417"}],"curies":[{"name":"wp","href":"https:\/\/api.w.org\/{rel}","templated":true}]}}